{"id":35931,"date":"2022-10-04T12:37:12","date_gmt":"2022-10-04T12:37:12","guid":{"rendered":"https:\/\/tandem.es\/?page_id=35931"},"modified":"2022-10-04T12:37:12","modified_gmt":"2022-10-04T12:37:12","slug":"weinbau","status":"publish","type":"page","link":"https:\/\/tandem.es\/de\/weinbau\/","title":{"rendered":"Weinbau"},"content":{"rendered":"<div class=\"wpb-content-wrapper\"><p>[vc_row full_width=&#8220;stretch_row&#8220; css=&#8220;.vc_custom_1577182941087{margin-bottom: 0px !important;padding-bottom: 0px !important;background-color: #dcdcdc !important;}&#8220;][vc_column]<div class=\"clearboth\"><\/div><style>#thegem-divider-69e88be41e949 {margin-top: 90px !important;}<\/style><div id=\"thegem-divider-69e88be41e949\" class=\"gem-divider  \" style=\"\" ><\/div>[vc_single_image image=&#8220;35771&#8243;]<div class=\"clearboth\"><\/div><style>#thegem-divider-69e88be41e9d9 {margin-top: 30px !important;}<\/style><div id=\"thegem-divider-69e88be41e9d9\" class=\"gem-divider  \" style=\"\" ><\/div>[vc_column_text css_animation=&#8220;bottom-to-top&#8220;]<\/p>\n<h2 style=\"text-align: left;\">RESPEKT VOR DER NATUR<\/h2>\n<p>[\/vc_column_text]<div class=\"clearboth\"><\/div><style>#thegem-divider-69e88be41ea10 {margin-top: 30px !important;}<\/style><div id=\"thegem-divider-69e88be41ea10\" class=\"gem-divider  \" style=\"\" ><\/div>[vc_row_inner][vc_column_inner width=&#8220;2\/3&#8243;][vc_column_text]Der Respekt vor der Natur ist ein wichtiger Teil der \u00dcberzeugung von Tandem. Wir folgen den Grunds\u00e4tzen des nachhaltigen Weinbaus, der so wenig wie m\u00f6glich eingreift und gleichzeitig die Gesundheit und Lebensf\u00e4higkeit des Weinbergs erh\u00e4lt. Die nat\u00fcrlichen Bedingungen des Tals sorgen daf\u00fcr, dass der Einsatz von Pestiziden auf ein Minimum beschr\u00e4nkt werden kann, und zwar haupts\u00e4chlich in Form von Schwefel und Kupfer, wobei Produkte aus synthetischen Chemikalien vermieden werden.[\/vc_column_text][vc_column_text]Unsere Philosophie ist einfach: Um gro\u00dfe Weine zu erzeugen, m\u00fcssen wir die bestm\u00f6glichen Trauben erhalten &#8211; und dazu m\u00fcssen die Weinberge das ganze Jahr \u00fcber betreut werden.[\/vc_column_text][vc_column_text css_animation=&#8220;bottom-to-top&#8220;]<\/p>\n<h4 style=\"text-align: left;\">DIE WACHSTUMSPHASE<\/h4>\n<p>[\/vc_column_text][vc_column_text]FIRST GROWTH<br \/>\nW\u00e4hrend der ersten Wachstumsphase werden die \u00fcbersch\u00fcssigen Trauben entfernt, was in Verbindung mit der Tatsache, dass unsere Reben nicht bew\u00e4ssert werden, dazu beitr\u00e4gt, niedrige Hektarertr\u00e4ge zu erzielen: F\u00fcr uns ist dies ein Schl\u00fcsselfaktor, um eine gr\u00f6\u00dfere Konzentration zu erreichen, die f\u00fcr die Qualit\u00e4t des Weins unerl\u00e4sslich ist.[\/vc_column_text][vc_column_text css_animation=&#8220;bottom-to-top&#8220;]<\/p>\n<h4 style=\"text-align: left;\">KONTROLLE DES LESEGUTS<\/h4>\n<p>[\/vc_column_text][vc_column_text]<span style=\"color: #ff0000;\">In den Monaten September und Oktober f\u00fchren wir kontinuierliche Probeentnahmen durch, um die Trauben jeder Parzelle zu analysieren und ihren optimalen Reifezeitpunkt zu ermitteln.<\/span>[\/vc_column_text][vc_column_text]<br \/>\nNeben den analytischen Kontrollen st\u00fctzen wir uns bei der Entscheidung \u00fcber den Beginn der Weinlese auf den Geschmack der Trauben. Die volle Reife der Trauben wird mit \u00e4u\u00dferster Sorgfalt angestrebt, um jegliche gr\u00fcne T\u00f6ne zu vermeiden und reife Tannine zu erhalten.<\/p>\n<p>Die Weinlese erfolgt in den k\u00fchlsten Stunden des Tages, damit die Trauben ihre Frische behalten und ohne Stress in den Keller gebracht werden k\u00f6nnen.<br \/>\n[\/vc_column_text][\/vc_column_inner][vc_column_inner width=&#8220;1\/3&#8243;][\/vc_column_inner][\/vc_row_inner]<div class=\"clearboth\"><\/div><style>#thegem-divider-69e88be41ea3d {margin-top: 40px !important;}<\/style><div id=\"thegem-divider-69e88be41ea3d\" class=\"gem-divider  \" style=\"\" ><\/div>[\/vc_column][\/vc_row]<\/p>\n<\/div>","protected":false},"excerpt":{"rendered":"<p>[vc_row full_width=&#8220;stretch_row&#8220; css=&#8220;.vc_custom_1577182941087{margin-bottom: 0px !important;padding-bottom: 0px !important;background-color: #dcdcdc !important;}&#8220;][vc_column][vc_single_image image=&#8220;35771&#8243;][vc_column_text css_animation=&#8220;bottom-to-top&#8220;] RESPEKT VOR DER NATUR [\/vc_column_text][vc_row_inner][vc_column_inner width=&#8220;2\/3&#8243;][vc_column_text]Der Respekt vor der&#8230;<\/p>\n","protected":false},"author":1,"featured_media":35606,"parent":0,"menu_order":0,"comment_status":"closed","ping_status":"closed","template":"","meta":{"footnotes":""},"class_list":["post-35931","page","type-page","status-publish","has-post-thumbnail"],"yoast_head":"<!-- This site is optimized with the Yoast SEO plugin v22.4 - https:\/\/yoast.com\/wordpress\/plugins\/seo\/ -->\n<title>Weinbau - BODEGA TANDEM<\/title>\n<meta name=\"robots\" content=\"index, follow, max-snippet:-1, max-image-preview:large, max-video-preview:-1\" \/>\n<link rel=\"canonical\" href=\"https:\/\/tandem.es\/de\/weinbau\/\" \/>\n<meta property=\"og:locale\" content=\"de_DE\" \/>\n<meta property=\"og:type\" content=\"article\" \/>\n<meta property=\"og:title\" content=\"Weinbau - BODEGA TANDEM\" \/>\n<meta property=\"og:description\" content=\"[vc_row full_width=&#8220;stretch_row&#8220; css=&#8220;.vc_custom_1577182941087{margin-bottom: 0px !important;padding-bottom: 0px !important;background-color: #dcdcdc !important;}&#8220;][vc_column][vc_single_image image=&#8220;35771&#8243;][vc_column_text css_animation=&#8220;bottom-to-top&#8220;] RESPEKT VOR DER NATUR [\/vc_column_text][vc_row_inner][vc_column_inner width=&#8220;2\/3&#8243;][vc_column_text]Der Respekt vor der...\" \/>\n<meta property=\"og:url\" content=\"https:\/\/tandem.es\/de\/weinbau\/\" \/>\n<meta property=\"og:site_name\" content=\"BODEGA TANDEM\" \/>\n<meta property=\"og:image\" content=\"https:\/\/tandem.es\/wp-content\/uploads\/2019\/10\/intervencion-1.jpg\" \/>\n\t<meta property=\"og:image:width\" content=\"3742\" \/>\n\t<meta property=\"og:image:height\" content=\"2248\" \/>\n\t<meta property=\"og:image:type\" content=\"image\/jpeg\" \/>\n<meta name=\"twitter:card\" content=\"summary_large_image\" \/>\n<meta name=\"twitter:label1\" content=\"Gesch\u00e4tzte Lesezeit\" \/>\n\t<meta name=\"twitter:data1\" content=\"2\u00a0Minuten\" \/>\n<script type=\"application\/ld+json\" class=\"yoast-schema-graph\">{\"@context\":\"https:\/\/schema.org\",\"@graph\":[{\"@type\":\"WebPage\",\"@id\":\"https:\/\/tandem.es\/de\/weinbau\/\",\"url\":\"https:\/\/tandem.es\/de\/weinbau\/\",\"name\":\"Weinbau - BODEGA TANDEM\",\"isPartOf\":{\"@id\":\"https:\/\/tandem.es\/de\/#website\"},\"primaryImageOfPage\":{\"@id\":\"https:\/\/tandem.es\/de\/weinbau\/#primaryimage\"},\"image\":{\"@id\":\"https:\/\/tandem.es\/de\/weinbau\/#primaryimage\"},\"thumbnailUrl\":\"https:\/\/tandem.es\/wp-content\/uploads\/2019\/10\/intervencion-1.jpg\",\"datePublished\":\"2022-10-04T12:37:12+00:00\",\"dateModified\":\"2022-10-04T12:37:12+00:00\",\"breadcrumb\":{\"@id\":\"https:\/\/tandem.es\/de\/weinbau\/#breadcrumb\"},\"inLanguage\":\"de\",\"potentialAction\":[{\"@type\":\"ReadAction\",\"target\":[\"https:\/\/tandem.es\/de\/weinbau\/\"]}]},{\"@type\":\"ImageObject\",\"inLanguage\":\"de\",\"@id\":\"https:\/\/tandem.es\/de\/weinbau\/#primaryimage\",\"url\":\"https:\/\/tandem.es\/wp-content\/uploads\/2019\/10\/intervencion-1.jpg\",\"contentUrl\":\"https:\/\/tandem.es\/wp-content\/uploads\/2019\/10\/intervencion-1.jpg\",\"width\":3742,\"height\":2248},{\"@type\":\"BreadcrumbList\",\"@id\":\"https:\/\/tandem.es\/de\/weinbau\/#breadcrumb\",\"itemListElement\":[{\"@type\":\"ListItem\",\"position\":1,\"name\":\"Portada\",\"item\":\"https:\/\/tandem.es\/de\/\"},{\"@type\":\"ListItem\",\"position\":2,\"name\":\"Weinbau\"}]},{\"@type\":\"WebSite\",\"@id\":\"https:\/\/tandem.es\/de\/#website\",\"url\":\"https:\/\/tandem.es\/de\/\",\"name\":\"BODEGA TANDEM\",\"description\":\"Valle de Yerri, Navarra\",\"potentialAction\":[{\"@type\":\"SearchAction\",\"target\":{\"@type\":\"EntryPoint\",\"urlTemplate\":\"https:\/\/tandem.es\/de\/?s={search_term_string}\"},\"query-input\":\"required name=search_term_string\"}],\"inLanguage\":\"de\"}]}<\/script>\n<!-- \/ Yoast SEO plugin. -->","yoast_head_json":{"title":"Weinbau - BODEGA TANDEM","robots":{"index":"index","follow":"follow","max-snippet":"max-snippet:-1","max-image-preview":"max-image-preview:large","max-video-preview":"max-video-preview:-1"},"canonical":"https:\/\/tandem.es\/de\/weinbau\/","og_locale":"de_DE","og_type":"article","og_title":"Weinbau - BODEGA TANDEM","og_description":"[vc_row full_width=&#8220;stretch_row&#8220; css=&#8220;.vc_custom_1577182941087{margin-bottom: 0px !important;padding-bottom: 0px !important;background-color: #dcdcdc !important;}&#8220;][vc_column][vc_single_image image=&#8220;35771&#8243;][vc_column_text css_animation=&#8220;bottom-to-top&#8220;] RESPEKT VOR DER NATUR [\/vc_column_text][vc_row_inner][vc_column_inner width=&#8220;2\/3&#8243;][vc_column_text]Der Respekt vor der...","og_url":"https:\/\/tandem.es\/de\/weinbau\/","og_site_name":"BODEGA TANDEM","og_image":[{"width":3742,"height":2248,"url":"https:\/\/tandem.es\/wp-content\/uploads\/2019\/10\/intervencion-1.jpg","type":"image\/jpeg"}],"twitter_card":"summary_large_image","twitter_misc":{"Gesch\u00e4tzte Lesezeit":"2\u00a0Minuten"},"schema":{"@context":"https:\/\/schema.org","@graph":[{"@type":"WebPage","@id":"https:\/\/tandem.es\/de\/weinbau\/","url":"https:\/\/tandem.es\/de\/weinbau\/","name":"Weinbau - BODEGA TANDEM","isPartOf":{"@id":"https:\/\/tandem.es\/de\/#website"},"primaryImageOfPage":{"@id":"https:\/\/tandem.es\/de\/weinbau\/#primaryimage"},"image":{"@id":"https:\/\/tandem.es\/de\/weinbau\/#primaryimage"},"thumbnailUrl":"https:\/\/tandem.es\/wp-content\/uploads\/2019\/10\/intervencion-1.jpg","datePublished":"2022-10-04T12:37:12+00:00","dateModified":"2022-10-04T12:37:12+00:00","breadcrumb":{"@id":"https:\/\/tandem.es\/de\/weinbau\/#breadcrumb"},"inLanguage":"de","potentialAction":[{"@type":"ReadAction","target":["https:\/\/tandem.es\/de\/weinbau\/"]}]},{"@type":"ImageObject","inLanguage":"de","@id":"https:\/\/tandem.es\/de\/weinbau\/#primaryimage","url":"https:\/\/tandem.es\/wp-content\/uploads\/2019\/10\/intervencion-1.jpg","contentUrl":"https:\/\/tandem.es\/wp-content\/uploads\/2019\/10\/intervencion-1.jpg","width":3742,"height":2248},{"@type":"BreadcrumbList","@id":"https:\/\/tandem.es\/de\/weinbau\/#breadcrumb","itemListElement":[{"@type":"ListItem","position":1,"name":"Portada","item":"https:\/\/tandem.es\/de\/"},{"@type":"ListItem","position":2,"name":"Weinbau"}]},{"@type":"WebSite","@id":"https:\/\/tandem.es\/de\/#website","url":"https:\/\/tandem.es\/de\/","name":"BODEGA TANDEM","description":"Valle de Yerri, Navarra","potentialAction":[{"@type":"SearchAction","target":{"@type":"EntryPoint","urlTemplate":"https:\/\/tandem.es\/de\/?s={search_term_string}"},"query-input":"required name=search_term_string"}],"inLanguage":"de"}]}},"_links":{"self":[{"href":"https:\/\/tandem.es\/de\/wp-json\/wp\/v2\/pages\/35931","targetHints":{"allow":["GET"]}}],"collection":[{"href":"https:\/\/tandem.es\/de\/wp-json\/wp\/v2\/pages"}],"about":[{"href":"https:\/\/tandem.es\/de\/wp-json\/wp\/v2\/types\/page"}],"author":[{"embeddable":true,"href":"https:\/\/tandem.es\/de\/wp-json\/wp\/v2\/users\/1"}],"replies":[{"embeddable":true,"href":"https:\/\/tandem.es\/de\/wp-json\/wp\/v2\/comments?post=35931"}],"version-history":[{"count":1,"href":"https:\/\/tandem.es\/de\/wp-json\/wp\/v2\/pages\/35931\/revisions"}],"predecessor-version":[{"id":35932,"href":"https:\/\/tandem.es\/de\/wp-json\/wp\/v2\/pages\/35931\/revisions\/35932"}],"wp:featuredmedia":[{"embeddable":true,"href":"https:\/\/tandem.es\/de\/wp-json\/wp\/v2\/media\/35606"}],"wp:attachment":[{"href":"https:\/\/tandem.es\/de\/wp-json\/wp\/v2\/media?parent=35931"}],"curies":[{"name":"wp","href":"https:\/\/api.w.org\/{rel}","templated":true}]}}