{"id":35951,"date":"2022-10-04T12:49:35","date_gmt":"2022-10-04T12:49:35","guid":{"rendered":"https:\/\/tandem.es\/?page_id=35951"},"modified":"2022-10-24T07:48:35","modified_gmt":"2022-10-24T07:48:35","slug":"weine","status":"publish","type":"page","link":"https:\/\/tandem.es\/de\/weine\/","title":{"rendered":"Weine"},"content":{"rendered":"<div class=\"wpb-content-wrapper\"><p>[vc_row][vc_column]<div class=\"clearboth\"><\/div><style>#thegem-divider-69e88ba9ed566 {margin-top: 200px !important;}<\/style><div id=\"thegem-divider-69e88ba9ed566\" class=\"gem-divider  \" style=\"\" ><\/div>[vc_single_image image=&#8220;35771&#8243; alignment=&#8220;center&#8220;]<div class=\"clearboth\"><\/div><style>#thegem-divider-69e88ba9ed5ec {margin-top: 30px !important;}<\/style><div id=\"thegem-divider-69e88ba9ed5ec\" class=\"gem-divider  \" style=\"\" ><\/div>[vc_column_text css_animation=&#8220;bottom-to-top&#8220;]<\/p>\n<h2 style=\"text-align: center;\"><span class=\"light\">UNSERE WEINE<\/span><\/h2>\n<p>[\/vc_column_text]<div class=\"clearboth\"><\/div><style>#thegem-divider-69e88ba9ed637 {margin-top: 30px !important;}<\/style><div id=\"thegem-divider-69e88ba9ed637\" class=\"gem-divider  \" style=\"\" ><\/div>[vc_row_inner][vc_column_inner width=&#8220;1\/6&#8243;][\/vc_column_inner][vc_column_inner width=&#8220;2\/3&#8243;][vc_custom_heading text=&#8220;Alle unsere Wein sind aufgrund des nachhaltigen Weinbaus und unserer Philosophie des minimalen Eingriffs vegan.&#8220; font_container=&#8220;tag:p|font_size:18|text_align:center&#8220; google_fonts=&#8220;font_family:Montserrat%3Aregular%2C700|font_style:400%20regular%3A400%3Anormal&#8220;][\/vc_column_inner][vc_column_inner width=&#8220;1\/6&#8243;][\/vc_column_inner][\/vc_row_inner]<div class=\"clearboth\"><\/div><style>#thegem-divider-69e88ba9ed683 {margin-top: 40px !important;}<\/style><div id=\"thegem-divider-69e88ba9ed683\" class=\"gem-divider  \" style=\"\" ><\/div>[vc_row_inner][vc_column_inner width=&#8220;1\/3&#8243;]<div class=\"centered-box gem-image-centered-box\" ><div class=\"gem-image gem-wrapbox gem-wrapbox-style-default gem-wrapbox-position-centered  thegem-custom-69e88ba9ed6c53158\"  style=\"\" ><div class=\"gem-wrapbox-inner \" ><img class=\"gem-wrapbox-element img-responsive\" src=\"https:\/\/tandem.es\/wp-content\/uploads\/2020\/02\/casualblanco-scaled.jpg\" alt=\"\"\/><\/div><\/div><\/div>[vc_column_text]<\/p>\n<h3 style=\"text-align: center;\"><a href=\"https:\/\/tandem.es\/casual-blanco\/\"><span class=\"light\">CASUAL WEISS<\/span><\/a><\/h3>\n<p>[\/vc_column_text][vc_column_text]<\/p>\n<p style=\"text-align: center;\">Von dem lateinischen Wort casualis, zuf\u00e4llig, gl\u00fccklich. Ein sch\u00f6ner Wei\u00dfwein, erzeugt aus dem Lesegut der Viura-Traube von einer besonderen Parzelle eines Weinberges.<\/p>\n<p>[\/vc_column_text][\/vc_column_inner][vc_column_inner width=&#8220;1\/3&#8243;]<div class=\"centered-box gem-image-centered-box\" ><div class=\"gem-image gem-wrapbox gem-wrapbox-style-default gem-wrapbox-position-centered  thegem-custom-69e88ba9edc9e8410\"  style=\"\" ><div class=\"gem-wrapbox-inner \" ><img class=\"gem-wrapbox-element img-responsive\" src=\"https:\/\/tandem.es\/wp-content\/uploads\/2020\/02\/inmacula-scaled.jpg\" alt=\"\"\/><\/div><\/div><\/div>[vc_column_text]<\/p>\n<h3 style=\"text-align: center;\"><a href=\"https:\/\/tandem.es\/inmacula-2\/\"><span class=\"light\">INM\u00c1CULA<\/span><\/a><\/h3>\n<p>[\/vc_column_text][vc_column_text]<\/p>\n<p style=\"text-align: center;\">Lateinisch f\u00fcr \u201eohne Makel\u201d. Ein besonderer Wei\u00dfwein, der in franz\u00f6sischer Eiche vergoren wurde und drei Monate lang auf der Feinhefe lagert, um an Textur und Komplexit\u00e4t zu gewinnen.<\/p>\n<p>[\/vc_column_text][\/vc_column_inner][vc_column_inner width=&#8220;1\/3&#8243;]<div class=\"centered-box gem-image-centered-box\" ><div class=\"gem-image gem-wrapbox gem-wrapbox-style-default gem-wrapbox-position-centered  thegem-custom-69e88ba9ee2176119\"  style=\"\" ><div class=\"gem-wrapbox-inner \" ><img class=\"gem-wrapbox-element img-responsive\" src=\"https:\/\/tandem.es\/wp-content\/uploads\/2021\/04\/casula-color-ok.jpg\" alt=\"\"\/><\/div><\/div><\/div>[vc_column_text]<\/p>\n<h3 style=\"text-align: center;\"><a href=\"https:\/\/tandem.es\/casual\/\"><span class=\"light\">CASUAL<\/span><\/a><\/h3>\n<p>[\/vc_column_text][vc_column_text]<\/p>\n<p style=\"text-align: center;\">Von dem lateinischen Wort casualis, zuf\u00e4llig, zum Gl\u00fcck. Eleganter und frischer Ros\u00e9, haupts\u00e4chlich aus Garnacha-Trauben hergestellt.<\/p>\n<p>[\/vc_column_text][\/vc_column_inner][\/vc_row_inner][vc_row_inner][vc_column_inner width=&#8220;1\/3&#8243;]<div class=\"centered-box gem-image-centered-box\" ><div class=\"gem-image gem-wrapbox gem-wrapbox-style-default gem-wrapbox-position-centered  thegem-custom-69e88ba9ee78c8086\"  style=\"\" ><div class=\"gem-wrapbox-inner \" ><img class=\"gem-wrapbox-element img-responsive\" src=\"https:\/\/tandem.es\/wp-content\/uploads\/2020\/02\/invitro-scaled.jpg\" alt=\"\"\/><\/div><\/div><\/div>[vc_column_text]<\/p>\n<h3 style=\"text-align: center;\"><a href=\"https:\/\/tandem.es\/ars-invitro-2\/\"><span class=\"light\">ARS IN VITRO<\/span><\/a><\/h3>\n<p>[\/vc_column_text][vc_column_text]<\/p>\n<p style=\"text-align: center;\">Lateinisch f\u00fcr \u201eKunst im Glas\u201d oder \u201eKunst in der Flasche\u201d. Wir wollen mit diesem Wein die Frische und Kraft unserer Trauben aus dem Yerri-Tal mit k\u00fchlem Klima ohne Ausbau im Holzfass zum Ausdruck bringen. Frisch, genussvoll, angenehm und ideal f\u00fcr jede Gelegenheit.<\/p>\n<p>[\/vc_column_text][\/vc_column_inner][vc_column_inner width=&#8220;1\/3&#8243;]<div class=\"centered-box gem-image-centered-box\" ><div class=\"gem-image gem-wrapbox gem-wrapbox-style-default gem-wrapbox-position-centered  thegem-custom-69e88ba9eec956367\"  style=\"\" ><div class=\"gem-wrapbox-inner \" ><img class=\"gem-wrapbox-element img-responsive\" src=\"https:\/\/tandem.es\/wp-content\/uploads\/2022\/10\/inmune-scaled-1.png\" alt=\"\"\/><\/div><\/div><\/div>[vc_column_text]<\/p>\n<h3 style=\"text-align: center;\"><a href=\"https:\/\/tandem.es\/inmune\/\"><span class=\"light\">INMUNE<\/span><\/a><\/h3>\n<p>[\/vc_column_text][vc_column_text]<\/p>\n<p style=\"text-align: center;\">Bedeutet auf Spanisch \u201eimmun\u201d. Immun gegen Krankheiten, Misserfolge, R\u00fcckschl\u00e4ge, Kritiker, etc. Inmune ist ein ganz anderer Typ Wein, eine Art Ausrei\u00dfer, eine Art andere Eleganz. Unser Ziel war es, einen kraftvollen, tiefen und konzentrierten Wein zu machen, mit Kraft und Ausdruck sowie Tanninen, in denen die Reinheit der Frucht Garnacha gl\u00e4nzt.<\/p>\n<p>[\/vc_column_text][\/vc_column_inner][vc_column_inner width=&#8220;1\/3&#8243;]<div class=\"centered-box gem-image-centered-box\" ><div class=\"gem-image gem-wrapbox gem-wrapbox-style-default gem-wrapbox-position-centered  thegem-custom-69e88ba9ef2ef4590\"  style=\"\" ><div class=\"gem-wrapbox-inner \" ><img class=\"gem-wrapbox-element img-responsive\" src=\"https:\/\/tandem.es\/wp-content\/uploads\/2020\/02\/nova-scaled.jpg\" alt=\"\"\/><\/div><\/div><\/div>[vc_column_text]<\/p>\n<h3 style=\"text-align: center;\"><a href=\"https:\/\/tandem.es\/ars-nova\/\"><span class=\"light\">ARS NOVA<\/span><\/a><\/h3>\n<p>[\/vc_column_text][vc_column_text]<\/p>\n<p style=\"text-align: center;\">Neue Kunst auf Lateinisch, was sehr gut zur Philosophie dieses Weins passt. Ars Nova war eine musikalische Bewegung im 14. Jahrhundert, die f\u00fcr das Aufkommen der Lautst\u00e4rke in der Musik stand.<\/p>\n<p>[\/vc_column_text][\/vc_column_inner][\/vc_row_inner][vc_row_inner][vc_column_inner width=&#8220;1\/3&#8243;]<div class=\"centered-box gem-image-centered-box\" ><div class=\"gem-image gem-wrapbox gem-wrapbox-style-default gem-wrapbox-position-centered  thegem-custom-69e88ba9ef9324138\"  style=\"\" ><div class=\"gem-wrapbox-inner \" ><img class=\"gem-wrapbox-element img-responsive\" src=\"https:\/\/tandem.es\/wp-content\/uploads\/2022\/10\/invoca-scaled-1.png\" alt=\"\"\/><\/div><\/div><\/div>[vc_column_text]<\/p>\n<h3 style=\"text-align: center;\"><a href=\"https:\/\/tandem.es\/invoca\/\"><span class=\"light\">INVOCA<\/span><\/a><\/h3>\n<p>[\/vc_column_text][vc_column_text]<\/p>\n<p style=\"text-align: center;\">Appell an einen spirituellen Sinn, ein Ruf an den Heiligen Geist zum Schutz. Auf dem Etikett ist ein Engel mit Trompete zu sehen.<\/p>\n<p>[\/vc_column_text][\/vc_column_inner][vc_column_inner width=&#8220;1\/3&#8243;]<div class=\"centered-box gem-image-centered-box\" ><div class=\"gem-image gem-wrapbox gem-wrapbox-style-default gem-wrapbox-position-centered  thegem-custom-69e88ba9efe396288\"  style=\"\" ><div class=\"gem-wrapbox-inner \" ><img class=\"gem-wrapbox-element img-responsive\" src=\"https:\/\/tandem.es\/wp-content\/uploads\/2020\/02\/macula-scaled.jpg\" alt=\"\"\/><\/div><\/div><\/div>[vc_column_text]<\/p>\n<h3 style=\"text-align: center;\"><a href=\"https:\/\/tandem.es\/macula\/\"><span class=\"light\">M\u00c1CULA<\/span><\/a><\/h3>\n<p>[\/vc_column_text][vc_column_text]<\/p>\n<p style=\"text-align: center;\">Im Lateinischen \u201eein Fleck\u201d oder eine \u201eMarkierung\u201d, im Franz\u00f6sischen \u201etache\u201d, was wir als unausl\u00f6schliche Erinnerung oder unvergessliches Gef\u00fchl interpretieren. Die Makula ist der kleine zentrale Punkt auf der Netzhaut, der es uns erm\u00f6glicht, klar zu sehen. M\u00e1cula ist ein kr\u00e4ftiger, konzentrierter, maskuliner Wein von guter L\u00e4nge.<\/p>\n<p>[\/vc_column_text][\/vc_column_inner][vc_column_inner width=&#8220;1\/3&#8243;]<div class=\"centered-box gem-image-centered-box\" ><div class=\"gem-image gem-wrapbox gem-wrapbox-style-default gem-wrapbox-position-centered  thegem-custom-69e88ba9f03392572\"  style=\"\" ><div class=\"gem-wrapbox-inner \" ><img class=\"gem-wrapbox-element img-responsive\" src=\"https:\/\/tandem.es\/wp-content\/uploads\/2020\/02\/memoria-scaled.jpg\" alt=\"\"\/><\/div><\/div><\/div>[vc_column_text]<\/p>\n<h3 style=\"text-align: center;\"><a href=\"https:\/\/tandem.es\/ars-memoria\/\"><span class=\"light\">ARS MEMORIA<\/span><\/a><\/h3>\n<p>[\/vc_column_text][vc_column_text]<\/p>\n<p style=\"text-align: center;\">Unsere geliebten Menschen und engen Freunde sind uns sehr wichtig und werden f\u00fcr immer in unserer Erinnerung bleiben, ihnen ist dieser Wein gewidmet. Enrique Rodr\u00edguez verstarb im Februar 2006, Jose Maria Fraile senior im Oktober 2011 und Jose Antonio (To\u00f1o) Torrealba im September 2022<\/p>\n<p>[\/vc_column_text][\/vc_column_inner][\/vc_row_inner][vc_row_inner][vc_column_inner width=&#8220;1\/3&#8243;]<div class=\"centered-box gem-image-centered-box\" ><div class=\"gem-image gem-wrapbox gem-wrapbox-style-default gem-wrapbox-position-centered  thegem-custom-69e88ba9f08892441\"  style=\"\" ><div class=\"gem-wrapbox-inner \" ><img class=\"gem-wrapbox-element img-responsive\" src=\"https:\/\/tandem.es\/wp-content\/uploads\/2022\/10\/incolume-scaled-2.jpg\" alt=\"\"\/><\/div><\/div><\/div>[vc_column_text]<\/p>\n<h3 style=\"text-align: center;\"><a href=\"https:\/\/tandem.es\/incolume\/\"><span class=\"light\">INCOLUME<br \/>\n<\/span><\/a><\/h3>\n<p>[\/vc_column_text][vc_column_text]<\/p>\n<p style=\"text-align: center;\">Dass es keinen Schaden oder eine Beeintr\u00e4chtigung erlitten hat. Ein einzigartiger Wein, den wir im Miniaturformat aus Trauben historischer Weinberge unseres Tals herstellen.<\/p>\n<p>[\/vc_column_text][\/vc_column_inner][vc_column_inner width=&#8220;1\/3&#8243;][\/vc_column_inner][vc_column_inner width=&#8220;1\/3&#8243;][\/vc_column_inner][\/vc_row_inner]<div class=\"clearboth\"><\/div><style>#thegem-divider-69e88ba9f100c {margin-top: 90px !important;}<\/style><div id=\"thegem-divider-69e88ba9f100c\" class=\"gem-divider  \" style=\"\" ><\/div>[\/vc_column][\/vc_row]<\/p>\n<\/div>","protected":false},"excerpt":{"rendered":"<p>[vc_row][vc_column][vc_single_image image=&#8220;35771&#8243; alignment=&#8220;center&#8220;][vc_column_text css_animation=&#8220;bottom-to-top&#8220;] UNSERE WEINE [\/vc_column_text][vc_row_inner][vc_column_inner width=&#8220;1\/6&#8243;][\/vc_column_inner][vc_column_inner width=&#8220;2\/3&#8243;][vc_custom_heading text=&#8220;Alle unsere Wein sind aufgrund des nachhaltigen Weinbaus und unserer Philosophie&#8230;<\/p>\n","protected":false},"author":1,"featured_media":0,"parent":0,"menu_order":0,"comment_status":"closed","ping_status":"closed","template":"","meta":{"footnotes":""},"class_list":["post-35951","page","type-page","status-publish"],"yoast_head":"<!-- This site is optimized with the Yoast SEO plugin v22.4 - https:\/\/yoast.com\/wordpress\/plugins\/seo\/ -->\n<title>Weine - BODEGA TANDEM<\/title>\n<meta name=\"robots\" content=\"index, follow, max-snippet:-1, max-image-preview:large, max-video-preview:-1\" \/>\n<link rel=\"canonical\" href=\"https:\/\/tandem.es\/de\/weine\/\" \/>\n<meta property=\"og:locale\" content=\"de_DE\" \/>\n<meta property=\"og:type\" content=\"article\" \/>\n<meta property=\"og:title\" content=\"Weine - BODEGA TANDEM\" \/>\n<meta property=\"og:description\" content=\"[vc_row][vc_column][vc_single_image image=&#8220;35771&#8243; alignment=&#8220;center&#8220;][vc_column_text css_animation=&#8220;bottom-to-top&#8220;] UNSERE WEINE [\/vc_column_text][vc_row_inner][vc_column_inner width=&#8220;1\/6&#8243;][\/vc_column_inner][vc_column_inner width=&#8220;2\/3&#8243;][vc_custom_heading text=&#8220;Alle unsere Wein sind aufgrund des nachhaltigen Weinbaus und unserer Philosophie...\" \/>\n<meta property=\"og:url\" content=\"https:\/\/tandem.es\/de\/weine\/\" \/>\n<meta property=\"og:site_name\" content=\"BODEGA TANDEM\" \/>\n<meta property=\"article:modified_time\" content=\"2022-10-24T07:48:35+00:00\" \/>\n<meta name=\"twitter:card\" content=\"summary_large_image\" \/>\n<meta name=\"twitter:label1\" content=\"Gesch\u00e4tzte Lesezeit\" \/>\n\t<meta name=\"twitter:data1\" content=\"4\u00a0Minuten\" \/>\n<script type=\"application\/ld+json\" class=\"yoast-schema-graph\">{\"@context\":\"https:\/\/schema.org\",\"@graph\":[{\"@type\":\"WebPage\",\"@id\":\"https:\/\/tandem.es\/de\/weine\/\",\"url\":\"https:\/\/tandem.es\/de\/weine\/\",\"name\":\"Weine - BODEGA TANDEM\",\"isPartOf\":{\"@id\":\"https:\/\/tandem.es\/de\/#website\"},\"datePublished\":\"2022-10-04T12:49:35+00:00\",\"dateModified\":\"2022-10-24T07:48:35+00:00\",\"breadcrumb\":{\"@id\":\"https:\/\/tandem.es\/de\/weine\/#breadcrumb\"},\"inLanguage\":\"de\",\"potentialAction\":[{\"@type\":\"ReadAction\",\"target\":[\"https:\/\/tandem.es\/de\/weine\/\"]}]},{\"@type\":\"BreadcrumbList\",\"@id\":\"https:\/\/tandem.es\/de\/weine\/#breadcrumb\",\"itemListElement\":[{\"@type\":\"ListItem\",\"position\":1,\"name\":\"Portada\",\"item\":\"https:\/\/tandem.es\/de\/\"},{\"@type\":\"ListItem\",\"position\":2,\"name\":\"Weine\"}]},{\"@type\":\"WebSite\",\"@id\":\"https:\/\/tandem.es\/de\/#website\",\"url\":\"https:\/\/tandem.es\/de\/\",\"name\":\"BODEGA TANDEM\",\"description\":\"Valle de Yerri, Navarra\",\"potentialAction\":[{\"@type\":\"SearchAction\",\"target\":{\"@type\":\"EntryPoint\",\"urlTemplate\":\"https:\/\/tandem.es\/de\/?s={search_term_string}\"},\"query-input\":\"required name=search_term_string\"}],\"inLanguage\":\"de\"}]}<\/script>\n<!-- \/ Yoast SEO plugin. -->","yoast_head_json":{"title":"Weine - BODEGA TANDEM","robots":{"index":"index","follow":"follow","max-snippet":"max-snippet:-1","max-image-preview":"max-image-preview:large","max-video-preview":"max-video-preview:-1"},"canonical":"https:\/\/tandem.es\/de\/weine\/","og_locale":"de_DE","og_type":"article","og_title":"Weine - BODEGA TANDEM","og_description":"[vc_row][vc_column][vc_single_image image=&#8220;35771&#8243; alignment=&#8220;center&#8220;][vc_column_text css_animation=&#8220;bottom-to-top&#8220;] UNSERE WEINE [\/vc_column_text][vc_row_inner][vc_column_inner width=&#8220;1\/6&#8243;][\/vc_column_inner][vc_column_inner width=&#8220;2\/3&#8243;][vc_custom_heading text=&#8220;Alle unsere Wein sind aufgrund des nachhaltigen Weinbaus und unserer Philosophie...","og_url":"https:\/\/tandem.es\/de\/weine\/","og_site_name":"BODEGA TANDEM","article_modified_time":"2022-10-24T07:48:35+00:00","twitter_card":"summary_large_image","twitter_misc":{"Gesch\u00e4tzte Lesezeit":"4\u00a0Minuten"},"schema":{"@context":"https:\/\/schema.org","@graph":[{"@type":"WebPage","@id":"https:\/\/tandem.es\/de\/weine\/","url":"https:\/\/tandem.es\/de\/weine\/","name":"Weine - BODEGA TANDEM","isPartOf":{"@id":"https:\/\/tandem.es\/de\/#website"},"datePublished":"2022-10-04T12:49:35+00:00","dateModified":"2022-10-24T07:48:35+00:00","breadcrumb":{"@id":"https:\/\/tandem.es\/de\/weine\/#breadcrumb"},"inLanguage":"de","potentialAction":[{"@type":"ReadAction","target":["https:\/\/tandem.es\/de\/weine\/"]}]},{"@type":"BreadcrumbList","@id":"https:\/\/tandem.es\/de\/weine\/#breadcrumb","itemListElement":[{"@type":"ListItem","position":1,"name":"Portada","item":"https:\/\/tandem.es\/de\/"},{"@type":"ListItem","position":2,"name":"Weine"}]},{"@type":"WebSite","@id":"https:\/\/tandem.es\/de\/#website","url":"https:\/\/tandem.es\/de\/","name":"BODEGA TANDEM","description":"Valle de Yerri, Navarra","potentialAction":[{"@type":"SearchAction","target":{"@type":"EntryPoint","urlTemplate":"https:\/\/tandem.es\/de\/?s={search_term_string}"},"query-input":"required name=search_term_string"}],"inLanguage":"de"}]}},"_links":{"self":[{"href":"https:\/\/tandem.es\/de\/wp-json\/wp\/v2\/pages\/35951","targetHints":{"allow":["GET"]}}],"collection":[{"href":"https:\/\/tandem.es\/de\/wp-json\/wp\/v2\/pages"}],"about":[{"href":"https:\/\/tandem.es\/de\/wp-json\/wp\/v2\/types\/page"}],"author":[{"embeddable":true,"href":"https:\/\/tandem.es\/de\/wp-json\/wp\/v2\/users\/1"}],"replies":[{"embeddable":true,"href":"https:\/\/tandem.es\/de\/wp-json\/wp\/v2\/comments?post=35951"}],"version-history":[{"count":9,"href":"https:\/\/tandem.es\/de\/wp-json\/wp\/v2\/pages\/35951\/revisions"}],"predecessor-version":[{"id":36202,"href":"https:\/\/tandem.es\/de\/wp-json\/wp\/v2\/pages\/35951\/revisions\/36202"}],"wp:attachment":[{"href":"https:\/\/tandem.es\/de\/wp-json\/wp\/v2\/media?parent=35951"}],"curies":[{"name":"wp","href":"https:\/\/api.w.org\/{rel}","templated":true}]}}