{"id":35958,"date":"2022-10-04T12:59:08","date_gmt":"2022-10-04T12:59:08","guid":{"rendered":"https:\/\/tandem.es\/?page_id=35958"},"modified":"2022-10-04T12:59:08","modified_gmt":"2022-10-04T12:59:08","slug":"weinberg","status":"publish","type":"page","link":"https:\/\/tandem.es\/de\/weinberg\/","title":{"rendered":"Weinberg"},"content":{"rendered":"<div class=\"wpb-content-wrapper\"><p>[vc_row full_width=&#8220;stretch_row&#8220; css=&#8220;.vc_custom_1577182381591{margin-bottom: 0px !important;padding-bottom: 0px !important;background-color: #dcdcdc !important;}&#8220;][vc_column]<div class=\"clearboth\"><\/div><style>#thegem-divider-69e891f86fcc1 {margin-top: 90px !important;}<\/style><div id=\"thegem-divider-69e891f86fcc1\" class=\"gem-divider  \" style=\"\" ><\/div>[vc_single_image image=&#8220;35771&#8243;]<div class=\"clearboth\"><\/div><style>#thegem-divider-69e891f86fd31 {margin-top: 30px !important;}<\/style><div id=\"thegem-divider-69e891f86fd31\" class=\"gem-divider  \" style=\"\" ><\/div>[vc_column_text css_animation=&#8220;bottom-to-top&#8220;]<\/p>\n<h2 style=\"text-align: left;\">UNSERE WEINBERGE UND IHRE REBSORTEN<\/h2>\n<p>[\/vc_column_text]<div class=\"clearboth\"><\/div><style>#thegem-divider-69e891f86fd76 {margin-top: 30px !important;}<\/style><div id=\"thegem-divider-69e891f86fd76\" class=\"gem-divider  \" style=\"\" ><\/div>[vc_row_inner][vc_column_inner width=&#8220;2\/3&#8243;][vc_column_text]<span style=\"color: #ff0000;\">Pedro Jes\u00fas und Angel Lizarraga (Vater und Sohn) sind Mitbegr\u00fcnder von Tandem, aus ihren Weinbergen stammt das Gros der Trauben, die wir f\u00fcr unsere Weine verarbeiten. <\/span>Dar\u00fcber hinaus arbeiten wir seit Beginn mit ausgew\u00e4hlten Weinbauern in unserer Umgebung zusammen, deren Weinberge nach unserer Philosophie und unseren Qualit\u00e4tsstandards bewirtschaftet werden: Ein nachhaltiger Weinbau, der mit minimalen Eingriffen betrieben wird und Traditionen respektiert. Ein nat\u00fcrliches Anbausystem, bei dem die Gesundheit des Bodens im Vordergrund steht, indem er frei von Chemikalien gehalten wird, um seine eigene mikrobielle Flora und Fauna zu f\u00f6rdern. <\/p>\n<p>Wir verstehen die Authentizit\u00e4t und Qualit\u00e4t des Weins nicht, wenn er nicht in perfekter Harmonie mit der Natur steht. <\/p>\n<p>In unseren <strong>Weinbergen werden \u00fcberwiegend die Rebsorten Tempranillo, Garnacha, Graciano, Cabernet Sauvignon und Merlot f\u00fcr die Rotweine angebaut und Viura f\u00fcr die Wei\u00dfweine.<\/strong><br \/>\n[\/vc_column_text][\/vc_column_inner][vc_column_inner width=&#8220;1\/3&#8243;][\/vc_column_inner][\/vc_row_inner]<div class=\"clearboth\"><\/div><style>#thegem-divider-69e891f86fda2 {margin-top: 90px !important;}<\/style><div id=\"thegem-divider-69e891f86fda2\" class=\"gem-divider  \" style=\"\" ><\/div>[\/vc_column][\/vc_row]<\/p>\n<\/div>","protected":false},"excerpt":{"rendered":"<p>[vc_row full_width=&#8220;stretch_row&#8220; css=&#8220;.vc_custom_1577182381591{margin-bottom: 0px !important;padding-bottom: 0px !important;background-color: #dcdcdc !important;}&#8220;][vc_column][vc_single_image image=&#8220;35771&#8243;][vc_column_text css_animation=&#8220;bottom-to-top&#8220;] UNSERE WEINBERGE UND IHRE REBSORTEN [\/vc_column_text][vc_row_inner][vc_column_inner width=&#8220;2\/3&#8243;][vc_column_text]Pedro Jes\u00fas und&#8230;<\/p>\n","protected":false},"author":1,"featured_media":35606,"parent":0,"menu_order":0,"comment_status":"closed","ping_status":"closed","template":"","meta":{"footnotes":""},"class_list":["post-35958","page","type-page","status-publish","has-post-thumbnail"],"yoast_head":"<!-- This site is optimized with the Yoast SEO plugin v22.4 - https:\/\/yoast.com\/wordpress\/plugins\/seo\/ -->\n<title>Weinberg - BODEGA TANDEM<\/title>\n<meta name=\"robots\" content=\"index, follow, max-snippet:-1, max-image-preview:large, max-video-preview:-1\" \/>\n<link rel=\"canonical\" href=\"https:\/\/tandem.es\/de\/weinberg\/\" \/>\n<meta property=\"og:locale\" content=\"de_DE\" \/>\n<meta property=\"og:type\" content=\"article\" \/>\n<meta property=\"og:title\" content=\"Weinberg - BODEGA TANDEM\" \/>\n<meta property=\"og:description\" content=\"[vc_row full_width=&#8220;stretch_row&#8220; css=&#8220;.vc_custom_1577182381591{margin-bottom: 0px !important;padding-bottom: 0px !important;background-color: #dcdcdc !important;}&#8220;][vc_column][vc_single_image image=&#8220;35771&#8243;][vc_column_text css_animation=&#8220;bottom-to-top&#8220;] UNSERE WEINBERGE UND IHRE REBSORTEN [\/vc_column_text][vc_row_inner][vc_column_inner width=&#8220;2\/3&#8243;][vc_column_text]Pedro Jes\u00fas und...\" \/>\n<meta property=\"og:url\" content=\"https:\/\/tandem.es\/de\/weinberg\/\" \/>\n<meta property=\"og:site_name\" content=\"BODEGA TANDEM\" \/>\n<meta property=\"og:image\" content=\"https:\/\/tandem.es\/wp-content\/uploads\/2019\/10\/intervencion-1.jpg\" \/>\n\t<meta property=\"og:image:width\" content=\"3742\" \/>\n\t<meta property=\"og:image:height\" content=\"2248\" \/>\n\t<meta property=\"og:image:type\" content=\"image\/jpeg\" \/>\n<meta name=\"twitter:card\" content=\"summary_large_image\" \/>\n<meta name=\"twitter:label1\" content=\"Gesch\u00e4tzte Lesezeit\" \/>\n\t<meta name=\"twitter:data1\" content=\"1\u00a0Minute\" \/>\n<script type=\"application\/ld+json\" class=\"yoast-schema-graph\">{\"@context\":\"https:\/\/schema.org\",\"@graph\":[{\"@type\":\"WebPage\",\"@id\":\"https:\/\/tandem.es\/de\/weinberg\/\",\"url\":\"https:\/\/tandem.es\/de\/weinberg\/\",\"name\":\"Weinberg - BODEGA TANDEM\",\"isPartOf\":{\"@id\":\"https:\/\/tandem.es\/de\/#website\"},\"primaryImageOfPage\":{\"@id\":\"https:\/\/tandem.es\/de\/weinberg\/#primaryimage\"},\"image\":{\"@id\":\"https:\/\/tandem.es\/de\/weinberg\/#primaryimage\"},\"thumbnailUrl\":\"https:\/\/tandem.es\/wp-content\/uploads\/2019\/10\/intervencion-1.jpg\",\"datePublished\":\"2022-10-04T12:59:08+00:00\",\"dateModified\":\"2022-10-04T12:59:08+00:00\",\"breadcrumb\":{\"@id\":\"https:\/\/tandem.es\/de\/weinberg\/#breadcrumb\"},\"inLanguage\":\"de\",\"potentialAction\":[{\"@type\":\"ReadAction\",\"target\":[\"https:\/\/tandem.es\/de\/weinberg\/\"]}]},{\"@type\":\"ImageObject\",\"inLanguage\":\"de\",\"@id\":\"https:\/\/tandem.es\/de\/weinberg\/#primaryimage\",\"url\":\"https:\/\/tandem.es\/wp-content\/uploads\/2019\/10\/intervencion-1.jpg\",\"contentUrl\":\"https:\/\/tandem.es\/wp-content\/uploads\/2019\/10\/intervencion-1.jpg\",\"width\":3742,\"height\":2248},{\"@type\":\"BreadcrumbList\",\"@id\":\"https:\/\/tandem.es\/de\/weinberg\/#breadcrumb\",\"itemListElement\":[{\"@type\":\"ListItem\",\"position\":1,\"name\":\"Portada\",\"item\":\"https:\/\/tandem.es\/de\/\"},{\"@type\":\"ListItem\",\"position\":2,\"name\":\"Weinberg\"}]},{\"@type\":\"WebSite\",\"@id\":\"https:\/\/tandem.es\/de\/#website\",\"url\":\"https:\/\/tandem.es\/de\/\",\"name\":\"BODEGA TANDEM\",\"description\":\"Valle de Yerri, Navarra\",\"potentialAction\":[{\"@type\":\"SearchAction\",\"target\":{\"@type\":\"EntryPoint\",\"urlTemplate\":\"https:\/\/tandem.es\/de\/?s={search_term_string}\"},\"query-input\":\"required name=search_term_string\"}],\"inLanguage\":\"de\"}]}<\/script>\n<!-- \/ Yoast SEO plugin. -->","yoast_head_json":{"title":"Weinberg - BODEGA TANDEM","robots":{"index":"index","follow":"follow","max-snippet":"max-snippet:-1","max-image-preview":"max-image-preview:large","max-video-preview":"max-video-preview:-1"},"canonical":"https:\/\/tandem.es\/de\/weinberg\/","og_locale":"de_DE","og_type":"article","og_title":"Weinberg - BODEGA TANDEM","og_description":"[vc_row full_width=&#8220;stretch_row&#8220; css=&#8220;.vc_custom_1577182381591{margin-bottom: 0px !important;padding-bottom: 0px !important;background-color: #dcdcdc !important;}&#8220;][vc_column][vc_single_image image=&#8220;35771&#8243;][vc_column_text css_animation=&#8220;bottom-to-top&#8220;] UNSERE WEINBERGE UND IHRE REBSORTEN [\/vc_column_text][vc_row_inner][vc_column_inner width=&#8220;2\/3&#8243;][vc_column_text]Pedro Jes\u00fas und...","og_url":"https:\/\/tandem.es\/de\/weinberg\/","og_site_name":"BODEGA TANDEM","og_image":[{"width":3742,"height":2248,"url":"https:\/\/tandem.es\/wp-content\/uploads\/2019\/10\/intervencion-1.jpg","type":"image\/jpeg"}],"twitter_card":"summary_large_image","twitter_misc":{"Gesch\u00e4tzte Lesezeit":"1\u00a0Minute"},"schema":{"@context":"https:\/\/schema.org","@graph":[{"@type":"WebPage","@id":"https:\/\/tandem.es\/de\/weinberg\/","url":"https:\/\/tandem.es\/de\/weinberg\/","name":"Weinberg - BODEGA TANDEM","isPartOf":{"@id":"https:\/\/tandem.es\/de\/#website"},"primaryImageOfPage":{"@id":"https:\/\/tandem.es\/de\/weinberg\/#primaryimage"},"image":{"@id":"https:\/\/tandem.es\/de\/weinberg\/#primaryimage"},"thumbnailUrl":"https:\/\/tandem.es\/wp-content\/uploads\/2019\/10\/intervencion-1.jpg","datePublished":"2022-10-04T12:59:08+00:00","dateModified":"2022-10-04T12:59:08+00:00","breadcrumb":{"@id":"https:\/\/tandem.es\/de\/weinberg\/#breadcrumb"},"inLanguage":"de","potentialAction":[{"@type":"ReadAction","target":["https:\/\/tandem.es\/de\/weinberg\/"]}]},{"@type":"ImageObject","inLanguage":"de","@id":"https:\/\/tandem.es\/de\/weinberg\/#primaryimage","url":"https:\/\/tandem.es\/wp-content\/uploads\/2019\/10\/intervencion-1.jpg","contentUrl":"https:\/\/tandem.es\/wp-content\/uploads\/2019\/10\/intervencion-1.jpg","width":3742,"height":2248},{"@type":"BreadcrumbList","@id":"https:\/\/tandem.es\/de\/weinberg\/#breadcrumb","itemListElement":[{"@type":"ListItem","position":1,"name":"Portada","item":"https:\/\/tandem.es\/de\/"},{"@type":"ListItem","position":2,"name":"Weinberg"}]},{"@type":"WebSite","@id":"https:\/\/tandem.es\/de\/#website","url":"https:\/\/tandem.es\/de\/","name":"BODEGA TANDEM","description":"Valle de Yerri, Navarra","potentialAction":[{"@type":"SearchAction","target":{"@type":"EntryPoint","urlTemplate":"https:\/\/tandem.es\/de\/?s={search_term_string}"},"query-input":"required name=search_term_string"}],"inLanguage":"de"}]}},"_links":{"self":[{"href":"https:\/\/tandem.es\/de\/wp-json\/wp\/v2\/pages\/35958","targetHints":{"allow":["GET"]}}],"collection":[{"href":"https:\/\/tandem.es\/de\/wp-json\/wp\/v2\/pages"}],"about":[{"href":"https:\/\/tandem.es\/de\/wp-json\/wp\/v2\/types\/page"}],"author":[{"embeddable":true,"href":"https:\/\/tandem.es\/de\/wp-json\/wp\/v2\/users\/1"}],"replies":[{"embeddable":true,"href":"https:\/\/tandem.es\/de\/wp-json\/wp\/v2\/comments?post=35958"}],"version-history":[{"count":1,"href":"https:\/\/tandem.es\/de\/wp-json\/wp\/v2\/pages\/35958\/revisions"}],"predecessor-version":[{"id":35959,"href":"https:\/\/tandem.es\/de\/wp-json\/wp\/v2\/pages\/35958\/revisions\/35959"}],"wp:featuredmedia":[{"embeddable":true,"href":"https:\/\/tandem.es\/de\/wp-json\/wp\/v2\/media\/35606"}],"wp:attachment":[{"href":"https:\/\/tandem.es\/de\/wp-json\/wp\/v2\/media?parent=35958"}],"curies":[{"name":"wp","href":"https:\/\/api.w.org\/{rel}","templated":true}]}}