{"id":35974,"date":"2022-10-04T13:16:24","date_gmt":"2022-10-04T13:16:24","guid":{"rendered":"https:\/\/tandem.es\/?page_id=35974"},"modified":"2022-10-04T13:16:24","modified_gmt":"2022-10-04T13:16:24","slug":"personen","status":"publish","type":"page","link":"https:\/\/tandem.es\/de\/personen\/","title":{"rendered":"Personen"},"content":{"rendered":"<div class=\"wpb-content-wrapper\"><p>[vc_row full_width=&#8220;stretch_row&#8220; css=&#8220;.vc_custom_1577439511085{margin-top: 0px !important;margin-bottom: 0px !important;padding-top: 0px !important;padding-bottom: 0px !important;background-color: #dcdcdc !important;}&#8220;][vc_column css=&#8220;.vc_custom_1571860085375{margin-top: 0px !important;margin-bottom: 0px !important;padding-top: 0px !important;padding-bottom: 0px !important;}&#8220; el_class=&#8220;custom-columns&#8220;]<div id=\"fullwidth-block-69e88bb67ff41\" class=\"fullwidth-block clearfix\"  style=\"padding-top: 60px;padding-bottom: 40px;\"><script type=\"text\/javascript\">if (typeof(gem_fix_fullwidth_position) == \"function\") { gem_fix_fullwidth_position(document.getElementById(\"fullwidth-block-69e88bb67ff41\")); }<\/script><div class=\"fullwidth-block-inner\"><div class=\"container\"><div class=\"clearboth\"><\/div><style>#thegem-divider-69e88bb680067 {margin-top: 10px !important;}<\/style><div id=\"thegem-divider-69e88bb680067\" class=\"gem-divider  custom-padding-3\" style=\"\" ><\/div><div class=\"centered-box gem-image-centered-box\" ><div class=\"gem-image gem-wrapbox gem-wrapbox-style-default gem-wrapbox-position-centered  thegem-custom-69e88bb6800d09488\"  style=\"\" ><div class=\"gem-wrapbox-inner \" ><a href=\"https:\/\/tandem.es\/wp-content\/uploads\/2020\/02\/logo-solo.png\" class=\"fancybox\"><img class=\"gem-wrapbox-element img-responsive\" src=\"https:\/\/tandem.es\/wp-content\/uploads\/2020\/02\/logo-solo.png\" alt=\"\"\/><\/a><\/div><\/div><\/div><div class=\"clearboth\"><\/div><style>#thegem-divider-69e88bb680604 {margin-top: 10px !important;}<\/style><div id=\"thegem-divider-69e88bb680604\" class=\"gem-divider  custom-padding-3\" style=\"\" ><\/div>[vc_column_text css_animation=&#8220;bottom-to-top&#8220; css=&#8220;.vc_custom_1577439312788{margin-top: 0px !important;padding-top: 0px !important;}&#8220;]<\/p>\n<h1 style=\"text-align: center;\"><span style=\"color: #3c3950;\">UNSER TEAM<\/span><\/h1>\n<p>[\/vc_column_text]<div class=\"clearboth\"><\/div><style>#thegem-divider-69e88bb680640 {margin-top: 5px !important;}<\/style><div id=\"thegem-divider-69e88bb680640\" class=\"gem-divider  \" style=\"\" ><\/div><div class=\"clearboth\"><\/div><style>#thegem-divider-69e88bb68067f {margin-top: 35px !important;}<\/style><div id=\"thegem-divider-69e88bb68067f\" class=\"gem-divider  \" style=\"\" ><\/div>[vc_row_inner][vc_column_inner width=&#8220;1\/2&#8243; offset=&#8220;vc_col-lg-4&#8243;]<div class=\"gem-textbox \"  ><div class=\"gem-textbox-inner\" style=\"\"><div class=\"gem-textbox-content\" style=\"background-color: #ffffff;background-position: center top;padding-top: 0px;padding-bottom: 0px;padding-left: 0px;padding-right: 0px;\"><div class=\"centered-box gem-image-centered-box\" ><div class=\"gem-image gem-wrapbox gem-wrapbox-style-default gem-wrapbox-position-centered lazy-loading  thegem-custom-69e88bb6807b12176\"  style=\"\" ><div class=\"gem-wrapbox-inner  lazy-loading-item\"  data-ll-effect=\"move-up\"><img class=\"gem-wrapbox-element img-responsive\" src=\"https:\/\/tandem.es\/wp-content\/uploads\/2021\/07\/josemari4.jpg\" alt=\"\"\/><\/div><\/div><\/div>[vc_column_text]<\/p>\n<div class=\"title-h5\" style=\"text-align: center;\"><span style=\"color: #20232f;\">JOS\u00c9 MAR\u00cdA FRAILE<\/span><\/div>\n<p>[\/vc_column_text]<div class=\"clearboth\"><\/div><style>#thegem-divider-69e88bb680ced {margin-top: -18px !important;}<\/style><div id=\"thegem-divider-69e88bb680ced\" class=\"gem-divider  \" style=\"\" ><\/div>[vc_column_text]<\/p>\n<p style=\"text-align: center;\"><span style=\"color: #ff0000;\">Gesch\u00e4ftsf\u00fchrer\/Mitbegr\u00fcnder<\/span><\/p>\n<p>[\/vc_column_text]<div class=\"clearboth\"><\/div><style>#thegem-divider-69e88bb680d2a {margin-top: 30px !important;}<\/style><div id=\"thegem-divider-69e88bb680d2a\" class=\"gem-divider  \" style=\"\" ><\/div>[vc_column_text css=&#8220;.vc_custom_1571686600877{padding-right: 50px !important;padding-left: 50px !important;}&#8220;]<\/p>\n<p style=\"text-align: center;\">Geboren 1966 in Pamplona. Studium als Wirtschaftswissenschaftler an der Universit\u00e4t von Deusto in San Sebasti\u00e1n, MBA am Instituto de Empresa (IE Business School). Arbeitete seit 1992 ununterbrochen in verschiedenen Kellereien der Region D.O. Navarra, bis er 2003 Tandem mitgr\u00fcndete.<\/p>\n<p>[\/vc_column_text]<div class=\"clearboth\"><\/div><style>#thegem-divider-69e88bb680d67 {margin-top: 95px !important;}<\/style><div id=\"thegem-divider-69e88bb680d67\" class=\"gem-divider  \" style=\"\" ><\/div><\/div><\/div><\/div>[\/vc_column_inner][vc_column_inner width=&#8220;1\/2&#8243; offset=&#8220;vc_col-lg-4&#8243;]<div class=\"gem-textbox \"  ><div class=\"gem-textbox-inner\" style=\"\"><div class=\"gem-textbox-content\" style=\"background-color: #ffffff;background-repeat: no-repeat; background-size: cover;background-position: center top;padding-top: 0px;padding-bottom: 0px;padding-left: 0px;padding-right: 0px;\"><div class=\"centered-box gem-image-centered-box\" ><div class=\"gem-image gem-wrapbox gem-wrapbox-style-default gem-wrapbox-position-centered lazy-loading  thegem-custom-69e88bb680e781876\"  style=\"\" ><div class=\"gem-wrapbox-inner  lazy-loading-item\"  data-ll-effect=\"move-up\"><img class=\"gem-wrapbox-element img-responsive\" src=\"https:\/\/tandem.es\/wp-content\/uploads\/2021\/07\/ALI.jpg\" alt=\"\"\/><\/div><\/div><\/div>[vc_column_text]<\/p>\n<div class=\"title-h5\" style=\"text-align: center;\"><span style=\"color: #20232f;\">ALICIA EYARALAR<\/span><\/div>\n<p>[\/vc_column_text]<div class=\"clearboth\"><\/div><style>#thegem-divider-69e88bb681330 {margin-top: -18px !important;}<\/style><div id=\"thegem-divider-69e88bb681330\" class=\"gem-divider  \" style=\"\" ><\/div>[vc_column_text]<\/p>\n<p style=\"text-align: center;\"><span style=\"color: #ff0000;\">\u00d6nologin\/Mitbegr\u00fcnderin<\/span><\/p>\n<p>[\/vc_column_text]<div class=\"clearboth\"><\/div><style>#thegem-divider-69e88bb681363 {margin-top: 30px !important;}<\/style><div id=\"thegem-divider-69e88bb681363\" class=\"gem-divider  \" style=\"\" ><\/div>[vc_column_text css=&#8220;.vc_custom_1589374585999{padding-right: 50px !important;padding-left: 50px !important;}&#8220;]<\/p>\n<p style=\"text-align: center;\">Geboren 1961 in Oviedo. Studium der Biologie an der Universit\u00e4t von Oviedo mit einem Master in \u00d6nologie, den sie an der Hochschule f\u00fcr Agronomie in Barcelona erworben hat. Ihre erste Weinlese f\u00fchrte sie 1989 in Bierzo durch, seit 1991 ist ihr beruflicher Werdegang eng mit der D.O. Navarra verbunden, wo sie internationale Anerkennung erlangt hat, um 2003 Tandem mit zu gr\u00fcnden.<\/p>\n<p>[\/vc_column_text]<div class=\"clearboth\"><\/div><style>#thegem-divider-69e88bb68139b {margin-top: 70px !important;}<\/style><div id=\"thegem-divider-69e88bb68139b\" class=\"gem-divider  \" style=\"\" ><\/div><\/div><\/div><\/div>[\/vc_column_inner][vc_column_inner width=&#8220;1\/2&#8243; offset=&#8220;vc_col-lg-4&#8243;]<div class=\"gem-textbox \"  ><div class=\"gem-textbox-inner\" style=\"\"><div class=\"gem-textbox-content\" style=\"background-color: #ffffff;background-position: center top;padding-top: 0px;padding-bottom: 0px;padding-left: 0px;padding-right: 0px;\"><div class=\"centered-box gem-image-centered-box\" ><div class=\"gem-image gem-wrapbox gem-wrapbox-style-default gem-wrapbox-position-centered lazy-loading  thegem-custom-69e88bb6814a574\"  style=\"\" ><div class=\"gem-wrapbox-inner  lazy-loading-item\"  data-ll-effect=\"move-up\"><img class=\"gem-wrapbox-element img-responsive\" src=\"https:\/\/tandem.es\/wp-content\/uploads\/2021\/07\/josemari4-copia.jpg\" alt=\"\"\/><\/div><\/div><\/div>[vc_column_text]<\/p>\n<div class=\"title-h5\" style=\"text-align: center;\"><span style=\"color: #20232f;\">JOS\u00c9 ANGEL ROLD\u00c1N<\/span><\/div>\n<p>[\/vc_column_text]<div class=\"clearboth\"><\/div><style>#thegem-divider-69e88bb68199d {margin-top: -18px !important;}<\/style><div id=\"thegem-divider-69e88bb68199d\" class=\"gem-divider  \" style=\"\" ><\/div>[vc_column_text]<\/p>\n<p style=\"text-align: center;\"><span style=\"color: #ff0000;\">Winzer<\/span><\/p>\n<p>[\/vc_column_text]<div class=\"clearboth\"><\/div><style>#thegem-divider-69e88bb6819d3 {margin-top: 30px !important;}<\/style><div id=\"thegem-divider-69e88bb6819d3\" class=\"gem-divider  \" style=\"\" ><\/div>[vc_column_text css=&#8220;.vc_custom_1571690468590{padding-right: 50px !important;padding-left: 50px !important;}&#8220;]<\/p>\n<p style=\"text-align: center;\">Geboren 1971 in Lorca. Winzer, Landwirt, Ingenieur, ein vielseitiger Mensch mit unz\u00e4hligen Talenten.<\/p>\n<p>[\/vc_column_text]<div class=\"clearboth\"><\/div><style>#thegem-divider-69e88bb681a0d {margin-top: 170px !important;}<\/style><div id=\"thegem-divider-69e88bb681a0d\" class=\"gem-divider  \" style=\"\" ><\/div><\/div><\/div><\/div>[\/vc_column_inner][\/vc_row_inner]<div class=\"clearboth\"><\/div><style>#thegem-divider-69e88bb681a5c {margin-top: 30px !important;}<\/style><div id=\"thegem-divider-69e88bb681a5c\" class=\"gem-divider  \" style=\"\" ><\/div><\/div><\/div><\/div>[\/vc_column][\/vc_row]<\/p>\n<\/div>","protected":false},"excerpt":{"rendered":"<p>[vc_row full_width=&#8220;stretch_row&#8220; css=&#8220;.vc_custom_1577439511085{margin-top: 0px !important;margin-bottom: 0px !important;padding-top: 0px !important;padding-bottom: 0px !important;background-color: #dcdcdc !important;}&#8220;][vc_column css=&#8220;.vc_custom_1571860085375{margin-top: 0px !important;margin-bottom: 0px !important;padding-top: 0px !important;padding-bottom:&#8230;<\/p>\n","protected":false},"author":1,"featured_media":35606,"parent":0,"menu_order":0,"comment_status":"closed","ping_status":"closed","template":"","meta":{"footnotes":""},"class_list":["post-35974","page","type-page","status-publish","has-post-thumbnail"],"yoast_head":"<!-- This site is optimized with the Yoast SEO plugin v22.4 - https:\/\/yoast.com\/wordpress\/plugins\/seo\/ -->\n<title>Personen - BODEGA TANDEM<\/title>\n<meta name=\"robots\" content=\"index, follow, max-snippet:-1, max-image-preview:large, max-video-preview:-1\" \/>\n<link rel=\"canonical\" href=\"https:\/\/tandem.es\/de\/personen\/\" \/>\n<meta property=\"og:locale\" content=\"de_DE\" \/>\n<meta property=\"og:type\" content=\"article\" \/>\n<meta property=\"og:title\" content=\"Personen - BODEGA TANDEM\" \/>\n<meta property=\"og:description\" content=\"[vc_row full_width=&#8220;stretch_row&#8220; css=&#8220;.vc_custom_1577439511085{margin-top: 0px !important;margin-bottom: 0px !important;padding-top: 0px !important;padding-bottom: 0px !important;background-color: #dcdcdc !important;}&#8220;][vc_column css=&#8220;.vc_custom_1571860085375{margin-top: 0px !important;margin-bottom: 0px !important;padding-top: 0px !important;padding-bottom:...\" \/>\n<meta property=\"og:url\" content=\"https:\/\/tandem.es\/de\/personen\/\" \/>\n<meta property=\"og:site_name\" content=\"BODEGA TANDEM\" \/>\n<meta property=\"og:image\" content=\"https:\/\/tandem.es\/wp-content\/uploads\/2019\/10\/intervencion-1.jpg\" \/>\n\t<meta property=\"og:image:width\" content=\"3742\" \/>\n\t<meta property=\"og:image:height\" content=\"2248\" \/>\n\t<meta property=\"og:image:type\" content=\"image\/jpeg\" \/>\n<meta name=\"twitter:card\" content=\"summary_large_image\" \/>\n<meta name=\"twitter:label1\" content=\"Gesch\u00e4tzte Lesezeit\" \/>\n\t<meta name=\"twitter:data1\" content=\"2\u00a0Minuten\" \/>\n<script type=\"application\/ld+json\" class=\"yoast-schema-graph\">{\"@context\":\"https:\/\/schema.org\",\"@graph\":[{\"@type\":\"WebPage\",\"@id\":\"https:\/\/tandem.es\/de\/personen\/\",\"url\":\"https:\/\/tandem.es\/de\/personen\/\",\"name\":\"Personen - BODEGA TANDEM\",\"isPartOf\":{\"@id\":\"https:\/\/tandem.es\/de\/#website\"},\"primaryImageOfPage\":{\"@id\":\"https:\/\/tandem.es\/de\/personen\/#primaryimage\"},\"image\":{\"@id\":\"https:\/\/tandem.es\/de\/personen\/#primaryimage\"},\"thumbnailUrl\":\"https:\/\/tandem.es\/wp-content\/uploads\/2019\/10\/intervencion-1.jpg\",\"datePublished\":\"2022-10-04T13:16:24+00:00\",\"dateModified\":\"2022-10-04T13:16:24+00:00\",\"breadcrumb\":{\"@id\":\"https:\/\/tandem.es\/de\/personen\/#breadcrumb\"},\"inLanguage\":\"de\",\"potentialAction\":[{\"@type\":\"ReadAction\",\"target\":[\"https:\/\/tandem.es\/de\/personen\/\"]}]},{\"@type\":\"ImageObject\",\"inLanguage\":\"de\",\"@id\":\"https:\/\/tandem.es\/de\/personen\/#primaryimage\",\"url\":\"https:\/\/tandem.es\/wp-content\/uploads\/2019\/10\/intervencion-1.jpg\",\"contentUrl\":\"https:\/\/tandem.es\/wp-content\/uploads\/2019\/10\/intervencion-1.jpg\",\"width\":3742,\"height\":2248},{\"@type\":\"BreadcrumbList\",\"@id\":\"https:\/\/tandem.es\/de\/personen\/#breadcrumb\",\"itemListElement\":[{\"@type\":\"ListItem\",\"position\":1,\"name\":\"Portada\",\"item\":\"https:\/\/tandem.es\/de\/\"},{\"@type\":\"ListItem\",\"position\":2,\"name\":\"Personen\"}]},{\"@type\":\"WebSite\",\"@id\":\"https:\/\/tandem.es\/de\/#website\",\"url\":\"https:\/\/tandem.es\/de\/\",\"name\":\"BODEGA TANDEM\",\"description\":\"Valle de Yerri, Navarra\",\"potentialAction\":[{\"@type\":\"SearchAction\",\"target\":{\"@type\":\"EntryPoint\",\"urlTemplate\":\"https:\/\/tandem.es\/de\/?s={search_term_string}\"},\"query-input\":\"required name=search_term_string\"}],\"inLanguage\":\"de\"}]}<\/script>\n<!-- \/ Yoast SEO plugin. -->","yoast_head_json":{"title":"Personen - BODEGA TANDEM","robots":{"index":"index","follow":"follow","max-snippet":"max-snippet:-1","max-image-preview":"max-image-preview:large","max-video-preview":"max-video-preview:-1"},"canonical":"https:\/\/tandem.es\/de\/personen\/","og_locale":"de_DE","og_type":"article","og_title":"Personen - BODEGA TANDEM","og_description":"[vc_row full_width=&#8220;stretch_row&#8220; css=&#8220;.vc_custom_1577439511085{margin-top: 0px !important;margin-bottom: 0px !important;padding-top: 0px !important;padding-bottom: 0px !important;background-color: #dcdcdc !important;}&#8220;][vc_column css=&#8220;.vc_custom_1571860085375{margin-top: 0px !important;margin-bottom: 0px !important;padding-top: 0px !important;padding-bottom:...","og_url":"https:\/\/tandem.es\/de\/personen\/","og_site_name":"BODEGA TANDEM","og_image":[{"width":3742,"height":2248,"url":"https:\/\/tandem.es\/wp-content\/uploads\/2019\/10\/intervencion-1.jpg","type":"image\/jpeg"}],"twitter_card":"summary_large_image","twitter_misc":{"Gesch\u00e4tzte Lesezeit":"2\u00a0Minuten"},"schema":{"@context":"https:\/\/schema.org","@graph":[{"@type":"WebPage","@id":"https:\/\/tandem.es\/de\/personen\/","url":"https:\/\/tandem.es\/de\/personen\/","name":"Personen - BODEGA TANDEM","isPartOf":{"@id":"https:\/\/tandem.es\/de\/#website"},"primaryImageOfPage":{"@id":"https:\/\/tandem.es\/de\/personen\/#primaryimage"},"image":{"@id":"https:\/\/tandem.es\/de\/personen\/#primaryimage"},"thumbnailUrl":"https:\/\/tandem.es\/wp-content\/uploads\/2019\/10\/intervencion-1.jpg","datePublished":"2022-10-04T13:16:24+00:00","dateModified":"2022-10-04T13:16:24+00:00","breadcrumb":{"@id":"https:\/\/tandem.es\/de\/personen\/#breadcrumb"},"inLanguage":"de","potentialAction":[{"@type":"ReadAction","target":["https:\/\/tandem.es\/de\/personen\/"]}]},{"@type":"ImageObject","inLanguage":"de","@id":"https:\/\/tandem.es\/de\/personen\/#primaryimage","url":"https:\/\/tandem.es\/wp-content\/uploads\/2019\/10\/intervencion-1.jpg","contentUrl":"https:\/\/tandem.es\/wp-content\/uploads\/2019\/10\/intervencion-1.jpg","width":3742,"height":2248},{"@type":"BreadcrumbList","@id":"https:\/\/tandem.es\/de\/personen\/#breadcrumb","itemListElement":[{"@type":"ListItem","position":1,"name":"Portada","item":"https:\/\/tandem.es\/de\/"},{"@type":"ListItem","position":2,"name":"Personen"}]},{"@type":"WebSite","@id":"https:\/\/tandem.es\/de\/#website","url":"https:\/\/tandem.es\/de\/","name":"BODEGA TANDEM","description":"Valle de Yerri, Navarra","potentialAction":[{"@type":"SearchAction","target":{"@type":"EntryPoint","urlTemplate":"https:\/\/tandem.es\/de\/?s={search_term_string}"},"query-input":"required name=search_term_string"}],"inLanguage":"de"}]}},"_links":{"self":[{"href":"https:\/\/tandem.es\/de\/wp-json\/wp\/v2\/pages\/35974","targetHints":{"allow":["GET"]}}],"collection":[{"href":"https:\/\/tandem.es\/de\/wp-json\/wp\/v2\/pages"}],"about":[{"href":"https:\/\/tandem.es\/de\/wp-json\/wp\/v2\/types\/page"}],"author":[{"embeddable":true,"href":"https:\/\/tandem.es\/de\/wp-json\/wp\/v2\/users\/1"}],"replies":[{"embeddable":true,"href":"https:\/\/tandem.es\/de\/wp-json\/wp\/v2\/comments?post=35974"}],"version-history":[{"count":1,"href":"https:\/\/tandem.es\/de\/wp-json\/wp\/v2\/pages\/35974\/revisions"}],"predecessor-version":[{"id":35975,"href":"https:\/\/tandem.es\/de\/wp-json\/wp\/v2\/pages\/35974\/revisions\/35975"}],"wp:featuredmedia":[{"embeddable":true,"href":"https:\/\/tandem.es\/de\/wp-json\/wp\/v2\/media\/35606"}],"wp:attachment":[{"href":"https:\/\/tandem.es\/de\/wp-json\/wp\/v2\/media?parent=35974"}],"curies":[{"name":"wp","href":"https:\/\/api.w.org\/{rel}","templated":true}]}}