{"id":36006,"date":"2022-10-04T15:55:29","date_gmt":"2022-10-04T15:55:29","guid":{"rendered":"https:\/\/tandem.es\/?page_id=36006"},"modified":"2024-03-16T15:26:36","modified_gmt":"2024-03-16T15:26:36","slug":"heimat","status":"publish","type":"page","link":"https:\/\/tandem.es\/de\/","title":{"rendered":"Heimat"},"content":{"rendered":"<div class=\"wpb-content-wrapper\"><p>[vc_row full_width=&#8220;stretch_row&#8220; content_placement=&#8220;middle&#8220; el_class=&#8220;scroller-block&#8220; css=&#8220;.vc_custom_1664898738996{background-image: url(https:\/\/tandem.es\/wp-content\/uploads\/2020\/02\/sierra.jpg?id=35752) !important;background-position: center !important;background-repeat: no-repeat !important;background-size: cover !important;}&#8220; el_id=&#8220;row-1&#8243;][vc_column][vc_row_inner][vc_column_inner el_class=&#8220;no-border&#8220; css=&#8220;.vc_custom_1575223700863{padding-right: 0px !important;padding-left: 0px !important;}&#8220; offset=&#8220;vc_col-lg-12&#8243;]<div class=\"clearboth\"><\/div><style>#thegem-divider-69e3545d52994 {margin-top: 80px !important;}<\/style><div id=\"thegem-divider-69e3545d52994\" class=\"gem-divider  \" style=\"\" ><\/div>[vc_custom_heading text=&#8220;Die Gebirgsz\u00fcge And\u00eda, Urbasa und Lokiz bilden die nat\u00fcrliche n\u00f6rdliche Grenze zwischen dem mediterranen Kontinentalklima und der Atlantik auf der Iberischen Halbinsel. San Sebasti\u00e1n und der Golf von Biskaya sind nur 50 km entfernt&#8220; font_container=&#8220;tag:p|font_size:21|text_align:left|color:%23ffffff|line_height:1.6&#8243; google_fonts=&#8220;font_family:Playfair%20Display%3Aregular%2Citalic%2C700%2C700italic%2C900%2C900italic|font_style:400%20regular%3A400%3Anormal&#8220; el_class=&#8220;#sombra&#8220;]<style type=\"text\/css\">.thegem-button-69e3545d52a8c8191 .gem-button svg {fill: #99acbf;}.thegem-button-69e3545d52a8c8191 .gem-button:hover svg {fill: #ffffff;}<\/style><div class=\"gem-button-container gem-button-position-left thegem-button-69e3545d52a8c8191    \"  ><a title=\"MIKROKLIMA\" class=\"gem-button gem-button-size-medium gem-button-style-flat gem-button-text-weight-normal\" data-ll-effect=\"drop-right-without-wrap\" style=\"border-radius: 3px;background-color: #ffffff;color: #99acbf;\" onmouseleave=\"this.style.backgroundColor='#ffffff';this.style.color='#99acbf';\" onmouseenter=\"this.style.backgroundColor='rgba(255,255,255,0.15)';this.style.color='#ffffff';\" href=\"https:\/\/tandem.es\/de\/mikroklima\/\" target=\"_blank\">Mikroklima<\/a><\/div> <div class=\"clearboth\"><\/div><style>#thegem-divider-69e3545d52aef {margin-top: 50px !important;}<\/style><div id=\"thegem-divider-69e3545d52aef\" class=\"gem-divider  \" style=\"\" ><\/div><div class=\"clearboth\"><\/div><style>#thegem-divider-69e3545d52b2b {margin-top: 40px !important;}<\/style><div id=\"thegem-divider-69e3545d52b2b\" class=\"gem-divider  \" style=\"\" ><\/div>[vc_column_text][\/vc_column_text][\/vc_column_inner][\/vc_row_inner][\/vc_column][\/vc_row][vc_row full_width=&#8220;stretch_row&#8220; content_placement=&#8220;middle&#8220; el_class=&#8220;scroller-block&#8220; css=&#8220;.vc_custom_1664898801001{background-image: url(https:\/\/tandem.es\/wp-content\/uploads\/2020\/02\/bodega-vin\u0303edo.jpg?id=35754) !important;background-position: center !important;background-repeat: no-repeat !important;background-size: cover !important;}&#8220; el_id=&#8220;row-1&#8243;][vc_column][vc_row_inner][vc_column_inner el_class=&#8220;no-border&#8220; css=&#8220;.vc_custom_1575223700863{padding-right: 0px !important;padding-left: 0px !important;}&#8220; offset=&#8220;vc_col-lg-12&#8243;]<div class=\"clearboth\"><\/div><style>#thegem-divider-69e3545d52b6e {margin-top: 80px !important;}<\/style><div id=\"thegem-divider-69e3545d52b6e\" class=\"gem-divider  \" style=\"\" ><\/div>[vc_custom_heading text=&#8220;Traditioneller nachhaltiger Weinbau auf trockenem Land mit perfekten nat\u00fcrlichen Bedingungen<br \/>\ndamit sich das Terroir in unsere Weine einpr\u00e4gt.&#8220; font_container=&#8220;tag:p|font_size:21|text_align:left|color:%23ffffff|line_height:1.6&#8243; google_fonts=&#8220;font_family:Playfair%20Display%3Aregular%2Citalic%2C700%2C700italic%2C900%2C900italic|font_style:400%20regular%3A400%3Anormal&#8220;]<style type=\"text\/css\">.thegem-button-69e3545d52be87591 .gem-button svg {fill: #99acbf;}.thegem-button-69e3545d52be87591 .gem-button:hover svg {fill: #ffffff;}<\/style><div class=\"gem-button-container gem-button-position-left thegem-button-69e3545d52be87591    \"  ><a title=\"WEINBAU\" class=\"gem-button gem-button-size-medium gem-button-style-flat gem-button-text-weight-normal\" data-ll-effect=\"drop-right-without-wrap\" style=\"border-radius: 3px;background-color: #ffffff;color: #99acbf;\" onmouseleave=\"this.style.backgroundColor='#ffffff';this.style.color='#99acbf';\" onmouseenter=\"this.style.backgroundColor='rgba(255,255,255,0.15)';this.style.color='#ffffff';\" href=\"https:\/\/tandem.es\/de\/weinbau\/\" target=\"_blank\">WEINBAU<\/a><\/div> <div class=\"clearboth\"><\/div><style>#thegem-divider-69e3545d52c2e {margin-top: 50px !important;}<\/style><div id=\"thegem-divider-69e3545d52c2e\" class=\"gem-divider  \" style=\"\" ><\/div><div class=\"clearboth\"><\/div><style>#thegem-divider-69e3545d52c60 {margin-top: 40px !important;}<\/style><div id=\"thegem-divider-69e3545d52c60\" class=\"gem-divider  \" style=\"\" ><\/div>[vc_column_text][\/vc_column_text][\/vc_column_inner][\/vc_row_inner][\/vc_column][\/vc_row][vc_row full_width=&#8220;stretch_row&#8220; content_placement=&#8220;middle&#8220; el_class=&#8220;scroller-block&#8220; css=&#8220;.vc_custom_1664898869672{background-image: url(https:\/\/tandem.es\/wp-content\/uploads\/2020\/02\/depositos.jpg?id=32652) !important;background-position: center !important;background-repeat: no-repeat !important;background-size: cover !important;}&#8220; el_id=&#8220;row-1&#8243;][vc_column][vc_row_inner][vc_column_inner el_class=&#8220;no-border&#8220; css=&#8220;.vc_custom_1575223700863{padding-right: 0px !important;padding-left: 0px !important;}&#8220; offset=&#8220;vc_col-lg-12&#8243;]<div class=\"clearboth\"><\/div><style>#thegem-divider-69e3545d52ca2 {margin-top: 80px !important;}<\/style><div id=\"thegem-divider-69e3545d52ca2\" class=\"gem-divider  \" style=\"\" ><\/div>[vc_custom_heading text=&#8220;Spontang\u00e4rung mit Unterschlagen, Abstich durch Schwerkraft und Lagerung im Tank<br \/>\nunterirdischer Beton zur nat\u00fcrlichen Kl\u00e4rung.&#8220; font_container=&#8220;tag:p|font_size:21|text_align:left|color:%23ffffff|line_height:1.6&#8243; google_fonts=&#8220;font_family:Playfair%20Display%3Aregular%2Citalic%2C700%2C700italic%2C900%2C900italic|font_style:400%20regular%3A400%3Anormal&#8220;]<style type=\"text\/css\">.thegem-button-69e3545d52d199365 .gem-button svg {fill: #99acbf;}.thegem-button-69e3545d52d199365 .gem-button:hover svg {fill: #ffffff;}<\/style><div class=\"gem-button-container gem-button-position-left thegem-button-69e3545d52d199365    \"  ><a title=\"MINIMALE EINGRIFFE\" class=\"gem-button gem-button-size-medium gem-button-style-flat gem-button-text-weight-normal\" data-ll-effect=\"drop-right-without-wrap\" style=\"border-radius: 3px;background-color: #ffffff;color: #99acbf;\" onmouseleave=\"this.style.backgroundColor='#ffffff';this.style.color='#99acbf';\" onmouseenter=\"this.style.backgroundColor='rgba(255,255,255,0.15)';this.style.color='#ffffff';\" href=\"https:\/\/tandem.es\/de\/minimale-eingriffe\/\" target=\"_blank\">MINIMALE EINGRIFFE<\/a><\/div> <div class=\"clearboth\"><\/div><style>#thegem-divider-69e3545d52d5a {margin-top: 50px !important;}<\/style><div id=\"thegem-divider-69e3545d52d5a\" class=\"gem-divider  \" style=\"\" ><\/div><div class=\"clearboth\"><\/div><style>#thegem-divider-69e3545d52d88 {margin-top: 40px !important;}<\/style><div id=\"thegem-divider-69e3545d52d88\" class=\"gem-divider  \" style=\"\" ><\/div>[vc_column_text][\/vc_column_text][\/vc_column_inner][\/vc_row_inner][\/vc_column][\/vc_row][vc_row full_width=&#8220;stretch_row&#8220; content_placement=&#8220;middle&#8220; el_class=&#8220;scroller-block&#8220; css=&#8220;.vc_custom_1664899114664{background-image: url(https:\/\/tandem.es\/wp-content\/uploads\/2020\/02\/peregrinos2.jpg?id=35758) !important;background-position: center !important;background-repeat: no-repeat !important;background-size: cover !important;}&#8220; el_id=&#8220;row-1&#8243;][vc_column][vc_row_inner][vc_column_inner el_class=&#8220;no-border&#8220; css=&#8220;.vc_custom_1575223700863{padding-right: 0px !important;padding-left: 0px !important;}&#8220; offset=&#8220;vc_col-lg-12&#8243;]<div class=\"clearboth\"><\/div><style>#thegem-divider-69e3545d52db2 {margin-top: 80px !important;}<\/style><div id=\"thegem-divider-69e3545d52db2\" class=\"gem-divider  \" style=\"\" ><\/div>[vc_custom_heading text=&#8220;Tandem ist ein privilegierter Zeuge des Durchgangs von Pilgern auf dem Jakobsweg.&#8220; font_container=&#8220;tag:p|font_size:21|text_align:left|color:%23ffffff|line_height:1.6&#8243; google_fonts=&#8220;font_family:Playfair%20Display%3Aregular%2Citalic%2C700%2C700italic%2C900%2C900italic|font_style:400%20regular%3A400%3Anormal&#8220;]<style type=\"text\/css\">.thegem-button-69e3545d52e1c2757 .gem-button svg {fill: #99acbf;}.thegem-button-69e3545d52e1c2757 .gem-button:hover svg {fill: #ffffff;}<\/style><div class=\"gem-button-container gem-button-position-left thegem-button-69e3545d52e1c2757    \"  ><a title=\"Camino de Santiago\" class=\"gem-button gem-button-size-medium gem-button-style-flat gem-button-text-weight-normal\" data-ll-effect=\"drop-right-without-wrap\" style=\"border-radius: 3px;background-color: #ffffff;color: #99acbf;\" onmouseleave=\"this.style.backgroundColor='#ffffff';this.style.color='#99acbf';\" onmouseenter=\"this.style.backgroundColor='rgba(255,255,255,0.15)';this.style.color='#ffffff';\" href=\"https:\/\/tandem.es\/de\/der-jakobsweg\/\" target=\"_blank\">DER JAKOBSWEG<\/a><\/div> <div class=\"clearboth\"><\/div><style>#thegem-divider-69e3545d52e58 {margin-top: 50px !important;}<\/style><div id=\"thegem-divider-69e3545d52e58\" class=\"gem-divider  \" style=\"\" ><\/div><div class=\"clearboth\"><\/div><style>#thegem-divider-69e3545d52e82 {margin-top: 40px !important;}<\/style><div id=\"thegem-divider-69e3545d52e82\" class=\"gem-divider  \" style=\"\" ><\/div>[vc_column_text][\/vc_column_text][\/vc_column_inner][\/vc_row_inner][\/vc_column][\/vc_row][vc_row full_width=&#8220;stretch_row&#8220; content_placement=&#8220;middle&#8220; el_class=&#8220;scroller-block&#8220; css=&#8220;.vc_custom_1664899145992{background-image: url(https:\/\/tandem.es\/wp-content\/uploads\/2020\/02\/equipo2.jpg?id=35760) !important;background-position: center !important;background-repeat: no-repeat !important;background-size: cover !important;}&#8220; el_id=&#8220;row-1&#8243;][vc_column][vc_row_inner][vc_column_inner el_class=&#8220;no-border&#8220; css=&#8220;.vc_custom_1575223700863{padding-right: 0px !important;padding-left: 0px !important;}&#8220; offset=&#8220;vc_col-lg-12&#8243;]<div class=\"clearboth\"><\/div><style>#thegem-divider-69e3545d52ea8 {margin-top: 80px !important;}<\/style><div id=\"thegem-divider-69e3545d52ea8\" class=\"gem-divider  \" style=\"\" ><\/div>[vc_custom_heading text=&#8220;Unser Engagement f\u00fcr die Natur ist total, weil nur<br \/>\nauf diese Weise k\u00f6nnen nat\u00fcrliche, elegante und authentische Weine produziert werden.&#8220; font_container=&#8220;tag:p|font_size:21|text_align:left|color:%23ffffff|line_height:1.6&#8243; google_fonts=&#8220;font_family:Montserrat%20UltraLight%3Aregular|font_style:400%20regular%3A400%3Anormal&#8220; link=&#8220;url:https%3A%2F%2Ftandem.es%2Fde%2Fdie-geschichte%2F|title:DIE%20GESCHICHTE|target:_blank&#8220;]<style type=\"text\/css\">.thegem-button-69e3545d52f0d980 .gem-button svg {fill: #99acbf;}.thegem-button-69e3545d52f0d980 .gem-button:hover svg {fill: #ffffff;}<\/style><div class=\"gem-button-container gem-button-position-left thegem-button-69e3545d52f0d980    \"  ><a title=\"DIE GESCHICHTE\" class=\"gem-button gem-button-size-medium gem-button-style-flat gem-button-text-weight-normal\" data-ll-effect=\"drop-right-without-wrap\" style=\"border-radius: 3px;background-color: #ffffff;color: #99acbf;\" onmouseleave=\"this.style.backgroundColor='#ffffff';this.style.color='#99acbf';\" onmouseenter=\"this.style.backgroundColor='rgba(255,255,255,0.15)';this.style.color='#ffffff';\" href=\"https:\/\/tandem.es\/de\/die-geschichte\/\" target=\"_blank\">DIE GESCHICHTE<\/a><\/div> <div class=\"clearboth\"><\/div><style>#thegem-divider-69e3545d52f4f {margin-top: 50px !important;}<\/style><div id=\"thegem-divider-69e3545d52f4f\" class=\"gem-divider  \" style=\"\" ><\/div><div class=\"clearboth\"><\/div><style>#thegem-divider-69e3545d52f78 {margin-top: 40px !important;}<\/style><div id=\"thegem-divider-69e3545d52f78\" class=\"gem-divider  \" style=\"\" ><\/div>[vc_column_text][\/vc_column_text][\/vc_column_inner][\/vc_row_inner][\/vc_column][\/vc_row]<\/p>\n<\/div>","protected":false},"excerpt":{"rendered":"<p>[vc_row full_width=&#8220;stretch_row&#8220; content_placement=&#8220;middle&#8220; el_class=&#8220;scroller-block&#8220; css=&#8220;.vc_custom_1664898738996{background-image: url(https:\/\/tandem.es\/wp-content\/uploads\/2020\/02\/sierra.jpg?id=35752) !important;background-position: center !important;background-repeat: no-repeat !important;background-size: cover !important;}&#8220; el_id=&#8220;row-1&#8243;][vc_column][vc_row_inner][vc_column_inner el_class=&#8220;no-border&#8220; css=&#8220;.vc_custom_1575223700863{padding-right: 0px !important;padding-left: 0px !important;}&#8220;&#8230;<\/p>\n","protected":false},"author":1,"featured_media":0,"parent":0,"menu_order":0,"comment_status":"closed","ping_status":"closed","template":"","meta":{"footnotes":""},"class_list":["post-36006","page","type-page","status-publish"],"yoast_head":"<!-- This site is optimized with the Yoast SEO plugin v22.4 - https:\/\/yoast.com\/wordpress\/plugins\/seo\/ -->\n<title>Heimat - BODEGA TANDEM<\/title>\n<meta name=\"robots\" content=\"index, follow, max-snippet:-1, max-image-preview:large, max-video-preview:-1\" \/>\n<link rel=\"canonical\" href=\"https:\/\/tandem.es\/de\/\" \/>\n<meta property=\"og:locale\" content=\"de_DE\" \/>\n<meta property=\"og:type\" content=\"article\" \/>\n<meta property=\"og:title\" content=\"Heimat - BODEGA TANDEM\" \/>\n<meta property=\"og:description\" content=\"[vc_row full_width=&#8220;stretch_row&#8220; content_placement=&#8220;middle&#8220; el_class=&#8220;scroller-block&#8220; css=&#8220;.vc_custom_1664898738996{background-image: url(https:\/\/tandem.es\/wp-content\/uploads\/2020\/02\/sierra.jpg?id=35752) !important;background-position: center !important;background-repeat: no-repeat !important;background-size: cover !important;}&#8220; el_id=&#8220;row-1&#8243;][vc_column][vc_row_inner][vc_column_inner el_class=&#8220;no-border&#8220; css=&#8220;.vc_custom_1575223700863{padding-right: 0px !important;padding-left: 0px !important;}&#8220;...\" \/>\n<meta property=\"og:url\" content=\"https:\/\/tandem.es\/de\/\" \/>\n<meta property=\"og:site_name\" content=\"BODEGA TANDEM\" \/>\n<meta property=\"article:modified_time\" content=\"2024-03-16T15:26:36+00:00\" \/>\n<meta name=\"twitter:card\" content=\"summary_large_image\" \/>\n<meta name=\"twitter:label1\" content=\"Gesch\u00e4tzte Lesezeit\" \/>\n\t<meta name=\"twitter:data1\" content=\"2\u00a0Minuten\" \/>\n<script type=\"application\/ld+json\" class=\"yoast-schema-graph\">{\"@context\":\"https:\/\/schema.org\",\"@graph\":[{\"@type\":\"WebPage\",\"@id\":\"https:\/\/tandem.es\/de\/\",\"url\":\"https:\/\/tandem.es\/de\/\",\"name\":\"Heimat - BODEGA TANDEM\",\"isPartOf\":{\"@id\":\"https:\/\/tandem.es\/de\/#website\"},\"datePublished\":\"2022-10-04T15:55:29+00:00\",\"dateModified\":\"2024-03-16T15:26:36+00:00\",\"breadcrumb\":{\"@id\":\"https:\/\/tandem.es\/de\/#breadcrumb\"},\"inLanguage\":\"de\",\"potentialAction\":[{\"@type\":\"ReadAction\",\"target\":[\"https:\/\/tandem.es\/de\/\"]}]},{\"@type\":\"BreadcrumbList\",\"@id\":\"https:\/\/tandem.es\/de\/#breadcrumb\",\"itemListElement\":[{\"@type\":\"ListItem\",\"position\":1,\"name\":\"Portada\",\"item\":\"https:\/\/tandem.es\/de\/\"},{\"@type\":\"ListItem\",\"position\":2,\"name\":\"Heimat\"}]},{\"@type\":\"WebSite\",\"@id\":\"https:\/\/tandem.es\/de\/#website\",\"url\":\"https:\/\/tandem.es\/de\/\",\"name\":\"BODEGA TANDEM\",\"description\":\"Valle de Yerri, Navarra\",\"potentialAction\":[{\"@type\":\"SearchAction\",\"target\":{\"@type\":\"EntryPoint\",\"urlTemplate\":\"https:\/\/tandem.es\/de\/?s={search_term_string}\"},\"query-input\":\"required name=search_term_string\"}],\"inLanguage\":\"de\"}]}<\/script>\n<!-- \/ Yoast SEO plugin. -->","yoast_head_json":{"title":"Heimat - BODEGA TANDEM","robots":{"index":"index","follow":"follow","max-snippet":"max-snippet:-1","max-image-preview":"max-image-preview:large","max-video-preview":"max-video-preview:-1"},"canonical":"https:\/\/tandem.es\/de\/","og_locale":"de_DE","og_type":"article","og_title":"Heimat - BODEGA TANDEM","og_description":"[vc_row full_width=&#8220;stretch_row&#8220; content_placement=&#8220;middle&#8220; el_class=&#8220;scroller-block&#8220; css=&#8220;.vc_custom_1664898738996{background-image: url(https:\/\/tandem.es\/wp-content\/uploads\/2020\/02\/sierra.jpg?id=35752) !important;background-position: center !important;background-repeat: no-repeat !important;background-size: cover !important;}&#8220; el_id=&#8220;row-1&#8243;][vc_column][vc_row_inner][vc_column_inner el_class=&#8220;no-border&#8220; css=&#8220;.vc_custom_1575223700863{padding-right: 0px !important;padding-left: 0px !important;}&#8220;...","og_url":"https:\/\/tandem.es\/de\/","og_site_name":"BODEGA TANDEM","article_modified_time":"2024-03-16T15:26:36+00:00","twitter_card":"summary_large_image","twitter_misc":{"Gesch\u00e4tzte Lesezeit":"2\u00a0Minuten"},"schema":{"@context":"https:\/\/schema.org","@graph":[{"@type":"WebPage","@id":"https:\/\/tandem.es\/de\/","url":"https:\/\/tandem.es\/de\/","name":"Heimat - BODEGA TANDEM","isPartOf":{"@id":"https:\/\/tandem.es\/de\/#website"},"datePublished":"2022-10-04T15:55:29+00:00","dateModified":"2024-03-16T15:26:36+00:00","breadcrumb":{"@id":"https:\/\/tandem.es\/de\/#breadcrumb"},"inLanguage":"de","potentialAction":[{"@type":"ReadAction","target":["https:\/\/tandem.es\/de\/"]}]},{"@type":"BreadcrumbList","@id":"https:\/\/tandem.es\/de\/#breadcrumb","itemListElement":[{"@type":"ListItem","position":1,"name":"Portada","item":"https:\/\/tandem.es\/de\/"},{"@type":"ListItem","position":2,"name":"Heimat"}]},{"@type":"WebSite","@id":"https:\/\/tandem.es\/de\/#website","url":"https:\/\/tandem.es\/de\/","name":"BODEGA TANDEM","description":"Valle de Yerri, Navarra","potentialAction":[{"@type":"SearchAction","target":{"@type":"EntryPoint","urlTemplate":"https:\/\/tandem.es\/de\/?s={search_term_string}"},"query-input":"required name=search_term_string"}],"inLanguage":"de"}]}},"_links":{"self":[{"href":"https:\/\/tandem.es\/de\/wp-json\/wp\/v2\/pages\/36006","targetHints":{"allow":["GET"]}}],"collection":[{"href":"https:\/\/tandem.es\/de\/wp-json\/wp\/v2\/pages"}],"about":[{"href":"https:\/\/tandem.es\/de\/wp-json\/wp\/v2\/types\/page"}],"author":[{"embeddable":true,"href":"https:\/\/tandem.es\/de\/wp-json\/wp\/v2\/users\/1"}],"replies":[{"embeddable":true,"href":"https:\/\/tandem.es\/de\/wp-json\/wp\/v2\/comments?post=36006"}],"version-history":[{"count":8,"href":"https:\/\/tandem.es\/de\/wp-json\/wp\/v2\/pages\/36006\/revisions"}],"predecessor-version":[{"id":36412,"href":"https:\/\/tandem.es\/de\/wp-json\/wp\/v2\/pages\/36006\/revisions\/36412"}],"wp:attachment":[{"href":"https:\/\/tandem.es\/de\/wp-json\/wp\/v2\/media?parent=36006"}],"curies":[{"name":"wp","href":"https:\/\/api.w.org\/{rel}","templated":true}]}}