{"id":36013,"date":"2022-10-04T16:01:49","date_gmt":"2022-10-04T16:01:49","guid":{"rendered":"https:\/\/tandem.es\/?page_id=36013"},"modified":"2025-09-17T11:25:18","modified_gmt":"2025-09-17T11:25:18","slug":"die-geschichte","status":"publish","type":"page","link":"https:\/\/tandem.es\/de\/die-geschichte\/","title":{"rendered":"DIE GESCHICHTE"},"content":{"rendered":"<div class=\"wpb-content-wrapper\"><p>[vc_row full_width=&#8220;stretch_row&#8220; css=&#8220;.vc_custom_1577436330733{margin-bottom: 0px !important;padding-bottom: 0px !important;background-color: #dcdcdc !important;}&#8220;][vc_column]<div class=\"clearboth\"><\/div><style>#thegem-divider-69e88bb44e8b4 {margin-top: 90px !important;}<\/style><div id=\"thegem-divider-69e88bb44e8b4\" class=\"gem-divider  \" style=\"\" ><\/div>[vc_single_image image=&#8220;35771&#8243;]<div class=\"clearboth\"><\/div><style>#thegem-divider-69e88bb44e971 {margin-top: 30px !important;}<\/style><div id=\"thegem-divider-69e88bb44e971\" class=\"gem-divider  \" style=\"\" ><\/div>[vc_column_text css_animation=&#8220;bottom-to-top&#8220;]<\/p>\n<h2 style=\"text-align: left;\">DIE GESCHICHTE<\/h2>\n<p>[\/vc_column_text]<div class=\"clearboth\"><\/div><style>#thegem-divider-69e88bb44e9c8 {margin-top: 30px !important;}<\/style><div id=\"thegem-divider-69e88bb44e9c8\" class=\"gem-divider  \" style=\"\" ><\/div>[vc_row_inner][vc_column_inner width=&#8220;2\/3&#8243;][vc_column_text]<strong>Die Compa\u00f1\u00eda Vitivin\u00edcola Tandem wurde im Januar 2003 von Alicia Eyaralar, Jos\u00e9 Mar\u00eda Fraile und einer kleinen Gruppe von weinbegeisterten Verwandten und Freunden gegr\u00fcndet.<\/strong><\/p>\n<p>Nach mehreren Jahren in der Weinproduktion und -vermarktung, zun\u00e4chst gemeinsam und sp\u00e4ter getrennt in verschiedenen Weinkellereien, wuchs unser Wunsch, mit Tandem ein eigenes Weingut zu gr\u00fcnden.<\/p>\n<p>Tandem bedeutet <span style=\"color: #ff0000;\"><strong>endlich<\/strong><\/span> und steht f\u00fcr das Bestreben der beiden Partner und aller Beteiligten, sich einen Traum und eine Mission zu erf\u00fcllen.<\/p>\n<p><span class=\"HwtZe\" lang=\"de\"><span class=\"jCAhz ChMk0b\"><span class=\"ryNqvb\">Erfahren Sie in diesem Video mehr \u00fcber uns und unsere Flaschentradition:<br \/>\n<a href=\"https:\/\/www.youtube.com\/watch?v=at2R4ML24KQ&amp;t=17s\" target=\"_blank\" rel=\"noopener\">Video ansehen<\/a><br \/>\n<\/span><\/span><\/span>[\/vc_column_text][\/vc_column_inner][vc_column_inner width=&#8220;1\/3&#8243;][\/vc_column_inner][\/vc_row_inner]<div class=\"clearboth\"><\/div><style>#thegem-divider-69e88bb44ea1c {margin-top: 90px !important;}<\/style><div id=\"thegem-divider-69e88bb44ea1c\" class=\"gem-divider  \" style=\"\" ><\/div>[\/vc_column][\/vc_row]<\/p>\n<\/div>","protected":false},"excerpt":{"rendered":"<p>[vc_row full_width=&#8220;stretch_row&#8220; css=&#8220;.vc_custom_1577436330733{margin-bottom: 0px !important;padding-bottom: 0px !important;background-color: #dcdcdc !important;}&#8220;][vc_column][vc_single_image image=&#8220;35771&#8243;][vc_column_text css_animation=&#8220;bottom-to-top&#8220;] DIE GESCHICHTE [\/vc_column_text][vc_row_inner][vc_column_inner width=&#8220;2\/3&#8243;][vc_column_text]Die Compa\u00f1\u00eda Vitivin\u00edcola Tandem wurde im&#8230;<\/p>\n","protected":false},"author":1,"featured_media":35606,"parent":0,"menu_order":0,"comment_status":"closed","ping_status":"closed","template":"","meta":{"footnotes":""},"class_list":["post-36013","page","type-page","status-publish","has-post-thumbnail"],"yoast_head":"<!-- This site is optimized with the Yoast SEO plugin v22.4 - https:\/\/yoast.com\/wordpress\/plugins\/seo\/ -->\n<title>DIE GESCHICHTE - BODEGA TANDEM<\/title>\n<meta name=\"robots\" content=\"index, follow, max-snippet:-1, max-image-preview:large, max-video-preview:-1\" \/>\n<link rel=\"canonical\" href=\"https:\/\/tandem.es\/de\/die-geschichte\/\" \/>\n<meta property=\"og:locale\" content=\"de_DE\" \/>\n<meta property=\"og:type\" content=\"article\" \/>\n<meta property=\"og:title\" content=\"DIE GESCHICHTE - BODEGA TANDEM\" \/>\n<meta property=\"og:description\" content=\"[vc_row full_width=&#8220;stretch_row&#8220; css=&#8220;.vc_custom_1577436330733{margin-bottom: 0px !important;padding-bottom: 0px !important;background-color: #dcdcdc !important;}&#8220;][vc_column][vc_single_image image=&#8220;35771&#8243;][vc_column_text css_animation=&#8220;bottom-to-top&#8220;] DIE GESCHICHTE [\/vc_column_text][vc_row_inner][vc_column_inner width=&#8220;2\/3&#8243;][vc_column_text]Die Compa\u00f1\u00eda Vitivin\u00edcola Tandem wurde im...\" \/>\n<meta property=\"og:url\" content=\"https:\/\/tandem.es\/de\/die-geschichte\/\" \/>\n<meta property=\"og:site_name\" content=\"BODEGA TANDEM\" \/>\n<meta property=\"article:modified_time\" content=\"2025-09-17T11:25:18+00:00\" \/>\n<meta property=\"og:image\" content=\"https:\/\/tandem.es\/wp-content\/uploads\/2019\/10\/intervencion-1.jpg\" \/>\n\t<meta property=\"og:image:width\" content=\"3742\" \/>\n\t<meta property=\"og:image:height\" content=\"2248\" \/>\n\t<meta property=\"og:image:type\" content=\"image\/jpeg\" \/>\n<meta name=\"twitter:card\" content=\"summary_large_image\" \/>\n<meta name=\"twitter:label1\" content=\"Gesch\u00e4tzte Lesezeit\" \/>\n\t<meta name=\"twitter:data1\" content=\"1\u00a0Minute\" \/>\n<script type=\"application\/ld+json\" class=\"yoast-schema-graph\">{\"@context\":\"https:\/\/schema.org\",\"@graph\":[{\"@type\":\"WebPage\",\"@id\":\"https:\/\/tandem.es\/de\/die-geschichte\/\",\"url\":\"https:\/\/tandem.es\/de\/die-geschichte\/\",\"name\":\"DIE GESCHICHTE - BODEGA TANDEM\",\"isPartOf\":{\"@id\":\"https:\/\/tandem.es\/de\/#website\"},\"primaryImageOfPage\":{\"@id\":\"https:\/\/tandem.es\/de\/die-geschichte\/#primaryimage\"},\"image\":{\"@id\":\"https:\/\/tandem.es\/de\/die-geschichte\/#primaryimage\"},\"thumbnailUrl\":\"https:\/\/tandem.es\/wp-content\/uploads\/2019\/10\/intervencion-1.jpg\",\"datePublished\":\"2022-10-04T16:01:49+00:00\",\"dateModified\":\"2025-09-17T11:25:18+00:00\",\"breadcrumb\":{\"@id\":\"https:\/\/tandem.es\/de\/die-geschichte\/#breadcrumb\"},\"inLanguage\":\"de\",\"potentialAction\":[{\"@type\":\"ReadAction\",\"target\":[\"https:\/\/tandem.es\/de\/die-geschichte\/\"]}]},{\"@type\":\"ImageObject\",\"inLanguage\":\"de\",\"@id\":\"https:\/\/tandem.es\/de\/die-geschichte\/#primaryimage\",\"url\":\"https:\/\/tandem.es\/wp-content\/uploads\/2019\/10\/intervencion-1.jpg\",\"contentUrl\":\"https:\/\/tandem.es\/wp-content\/uploads\/2019\/10\/intervencion-1.jpg\",\"width\":3742,\"height\":2248},{\"@type\":\"BreadcrumbList\",\"@id\":\"https:\/\/tandem.es\/de\/die-geschichte\/#breadcrumb\",\"itemListElement\":[{\"@type\":\"ListItem\",\"position\":1,\"name\":\"Portada\",\"item\":\"https:\/\/tandem.es\/de\/\"},{\"@type\":\"ListItem\",\"position\":2,\"name\":\"DIE GESCHICHTE\"}]},{\"@type\":\"WebSite\",\"@id\":\"https:\/\/tandem.es\/de\/#website\",\"url\":\"https:\/\/tandem.es\/de\/\",\"name\":\"BODEGA TANDEM\",\"description\":\"Valle de Yerri, Navarra\",\"potentialAction\":[{\"@type\":\"SearchAction\",\"target\":{\"@type\":\"EntryPoint\",\"urlTemplate\":\"https:\/\/tandem.es\/de\/?s={search_term_string}\"},\"query-input\":\"required name=search_term_string\"}],\"inLanguage\":\"de\"}]}<\/script>\n<!-- \/ Yoast SEO plugin. -->","yoast_head_json":{"title":"DIE GESCHICHTE - BODEGA TANDEM","robots":{"index":"index","follow":"follow","max-snippet":"max-snippet:-1","max-image-preview":"max-image-preview:large","max-video-preview":"max-video-preview:-1"},"canonical":"https:\/\/tandem.es\/de\/die-geschichte\/","og_locale":"de_DE","og_type":"article","og_title":"DIE GESCHICHTE - BODEGA TANDEM","og_description":"[vc_row full_width=&#8220;stretch_row&#8220; css=&#8220;.vc_custom_1577436330733{margin-bottom: 0px !important;padding-bottom: 0px !important;background-color: #dcdcdc !important;}&#8220;][vc_column][vc_single_image image=&#8220;35771&#8243;][vc_column_text css_animation=&#8220;bottom-to-top&#8220;] DIE GESCHICHTE [\/vc_column_text][vc_row_inner][vc_column_inner width=&#8220;2\/3&#8243;][vc_column_text]Die Compa\u00f1\u00eda Vitivin\u00edcola Tandem wurde im...","og_url":"https:\/\/tandem.es\/de\/die-geschichte\/","og_site_name":"BODEGA TANDEM","article_modified_time":"2025-09-17T11:25:18+00:00","og_image":[{"width":3742,"height":2248,"url":"https:\/\/tandem.es\/wp-content\/uploads\/2019\/10\/intervencion-1.jpg","type":"image\/jpeg"}],"twitter_card":"summary_large_image","twitter_misc":{"Gesch\u00e4tzte Lesezeit":"1\u00a0Minute"},"schema":{"@context":"https:\/\/schema.org","@graph":[{"@type":"WebPage","@id":"https:\/\/tandem.es\/de\/die-geschichte\/","url":"https:\/\/tandem.es\/de\/die-geschichte\/","name":"DIE GESCHICHTE - BODEGA TANDEM","isPartOf":{"@id":"https:\/\/tandem.es\/de\/#website"},"primaryImageOfPage":{"@id":"https:\/\/tandem.es\/de\/die-geschichte\/#primaryimage"},"image":{"@id":"https:\/\/tandem.es\/de\/die-geschichte\/#primaryimage"},"thumbnailUrl":"https:\/\/tandem.es\/wp-content\/uploads\/2019\/10\/intervencion-1.jpg","datePublished":"2022-10-04T16:01:49+00:00","dateModified":"2025-09-17T11:25:18+00:00","breadcrumb":{"@id":"https:\/\/tandem.es\/de\/die-geschichte\/#breadcrumb"},"inLanguage":"de","potentialAction":[{"@type":"ReadAction","target":["https:\/\/tandem.es\/de\/die-geschichte\/"]}]},{"@type":"ImageObject","inLanguage":"de","@id":"https:\/\/tandem.es\/de\/die-geschichte\/#primaryimage","url":"https:\/\/tandem.es\/wp-content\/uploads\/2019\/10\/intervencion-1.jpg","contentUrl":"https:\/\/tandem.es\/wp-content\/uploads\/2019\/10\/intervencion-1.jpg","width":3742,"height":2248},{"@type":"BreadcrumbList","@id":"https:\/\/tandem.es\/de\/die-geschichte\/#breadcrumb","itemListElement":[{"@type":"ListItem","position":1,"name":"Portada","item":"https:\/\/tandem.es\/de\/"},{"@type":"ListItem","position":2,"name":"DIE GESCHICHTE"}]},{"@type":"WebSite","@id":"https:\/\/tandem.es\/de\/#website","url":"https:\/\/tandem.es\/de\/","name":"BODEGA TANDEM","description":"Valle de Yerri, Navarra","potentialAction":[{"@type":"SearchAction","target":{"@type":"EntryPoint","urlTemplate":"https:\/\/tandem.es\/de\/?s={search_term_string}"},"query-input":"required name=search_term_string"}],"inLanguage":"de"}]}},"_links":{"self":[{"href":"https:\/\/tandem.es\/de\/wp-json\/wp\/v2\/pages\/36013","targetHints":{"allow":["GET"]}}],"collection":[{"href":"https:\/\/tandem.es\/de\/wp-json\/wp\/v2\/pages"}],"about":[{"href":"https:\/\/tandem.es\/de\/wp-json\/wp\/v2\/types\/page"}],"author":[{"embeddable":true,"href":"https:\/\/tandem.es\/de\/wp-json\/wp\/v2\/users\/1"}],"replies":[{"embeddable":true,"href":"https:\/\/tandem.es\/de\/wp-json\/wp\/v2\/comments?post=36013"}],"version-history":[{"count":3,"href":"https:\/\/tandem.es\/de\/wp-json\/wp\/v2\/pages\/36013\/revisions"}],"predecessor-version":[{"id":36570,"href":"https:\/\/tandem.es\/de\/wp-json\/wp\/v2\/pages\/36013\/revisions\/36570"}],"wp:featuredmedia":[{"embeddable":true,"href":"https:\/\/tandem.es\/de\/wp-json\/wp\/v2\/media\/35606"}],"wp:attachment":[{"href":"https:\/\/tandem.es\/de\/wp-json\/wp\/v2\/media?parent=36013"}],"curies":[{"name":"wp","href":"https:\/\/api.w.org\/{rel}","templated":true}]}}