{"id":36168,"date":"2022-10-05T08:24:14","date_gmt":"2022-10-05T08:24:14","guid":{"rendered":"https:\/\/tandem.es\/incolume\/"},"modified":"2024-05-28T12:19:03","modified_gmt":"2024-05-28T12:19:03","slug":"incolume","status":"publish","type":"page","link":"https:\/\/tandem.es\/en\/incolume\/","title":{"rendered":"Incolume"},"content":{"rendered":"<div class=\"wpb-content-wrapper\"><p>[vc_row][vc_column]<div class=\"clearboth\"><\/div><style>#thegem-divider-69d1ffbfd04c2 {margin-top: 180px !important;}<\/style><div id=\"thegem-divider-69d1ffbfd04c2\" class=\"gem-divider  \" style=\"\" ><\/div>[vc_single_image image=&#8221;32805&#8243; alignment=&#8221;center&#8221;]<div class=\"clearboth\"><\/div><style>#thegem-divider-69d1ffbfd0550 {margin-top: 30px !important;}<\/style><div id=\"thegem-divider-69d1ffbfd0550\" class=\"gem-divider  \" style=\"\" ><\/div>[vc_column_text css_animation=&#8221;bottom-to-top&#8221;]<\/p>\n<h2 style=\"text-align: center;\"><span class=\"light\">INCOLUME<\/span><\/h2>\n<p>[\/vc_column_text]<div class=\"clearboth\"><\/div><style>#thegem-divider-69d1ffbfd05a9 {margin-top: 30px !important;}<\/style><div id=\"thegem-divider-69d1ffbfd05a9\" class=\"gem-divider  \" style=\"\" ><\/div>[vc_row_inner][vc_column_inner width=&#8221;1\/6&#8243;][\/vc_column_inner][vc_column_inner width=&#8221;2\/3&#8243;][vc_custom_heading text=&#8221;Que no ha sufrido da\u00f1o o menoscabo. Un vino singular que elaboramos en miniatura a partir de uvas procedentes de vi\u00f1edos hist\u00f3ricos de nuestro valle.&#8221; font_container=&#8221;tag:p|font_size:18|text_align:center&#8221; google_fonts=&#8221;font_family:Montserrat%3Aregular%2C700|font_style:400%20regular%3A400%3Anormal&#8221;][\/vc_column_inner][vc_column_inner width=&#8221;1\/6&#8243;][\/vc_column_inner][\/vc_row_inner]<div class=\"clearboth\"><\/div><style>#thegem-divider-69d1ffbfd05f0 {margin-top: 40px !important;}<\/style><div id=\"thegem-divider-69d1ffbfd05f0\" class=\"gem-divider  \" style=\"\" ><\/div>[vc_row_inner][vc_column_inner width=&#8221;1\/2&#8243;]<div class=\"gem-image gem-wrapbox gem-wrapbox-style-default gem-wrapbox-position-below  thegem-custom-69d1ffbfd063c1344\"  style=\"\" ><div class=\"gem-wrapbox-inner \" ><img class=\"gem-wrapbox-element img-responsive\" src=\"https:\/\/tandem.es\/wp-content\/uploads\/2022\/10\/f45d7b17def3d3a9542fb504326d4c44-scaled-e1665142962254.jpg\" alt=\"\"\/><\/div><\/div>[\/vc_column_inner][vc_column_inner width=&#8221;1\/2&#8243;]<div class=\"clearboth\"><\/div><style>#thegem-divider-69d1ffbfd0cdb {margin-top: 90px !important;}<\/style><div id=\"thegem-divider-69d1ffbfd0cdb\" class=\"gem-divider  \" style=\"\" ><\/div>[vc_column_text]<\/p>\n<h5><span class=\"light\"><strong>GRAPE VARIETY<\/strong><\/span><\/h5>\n<div>\n<p>GARNACHA<\/p>\n<h5><span class=\"light\"><strong>SOIL<\/strong><\/span><\/h5>\n<p>Clay, loam. Remarkable unique plots around 90 years old.<\/p>\n<h5><span class=\"light\"><strong>VINIFICATION<\/strong><\/span><\/h5>\n<p>Manual harvest. Wild micro fermented in small stainless steel vats. Careful manual pump over. Malolactic conversion in three 300L new French oak barrels were we aged the wine for 9 months.<\/p>\n<h5><span class=\"light\"><strong>ALCOHOL CONTENT<\/strong><\/span><\/h5>\n<p>14.5\u00ba<\/p>\n<h5><span class=\"light\"><strong>SERVING TEMP<\/strong><\/span><\/h5>\n<p>15 \u00baC<\/p>\n<h5><span class=\"light\"><strong>TASTING NOTES<\/strong><\/span><\/h5>\n<p>Red ruby color with a purple rim. On the nose its red fruit stands out, currant, rosemary, lavender and fennel. Vibrant on the palate, fresh, mineral. Overall a mountain, tasty, elegant and distincitve wine that particularly moves us.<\/p>\n<h5><span class=\"light\"><strong>PRESS<\/strong><\/span><\/h5>\n<p><span class=\"light\">2019 &#8211; 17,5 Jancis ROBINSON<br \/>\n2021 &#8211; 91 points WINE ADVOCATE, 91 Gu\u00eda PE\u00d1IN, 91 James SUCKLING<br \/>\n2022 &#8211; 95 points TIM ATKIN, 92 Gu\u00eda PE\u00d1IN<\/span><\/p>\n<p>&nbsp;<\/p>\n<p>&nbsp;<\/p>\n<\/div>\n<p>[\/vc_column_text]<div class=\"clearboth\"><\/div><style>#thegem-divider-69d1ffbfd0d25 {margin-top: 40px !important;}<\/style><div id=\"thegem-divider-69d1ffbfd0d25\" class=\"gem-divider  \" style=\"\" ><\/div>[\/vc_column_inner][\/vc_row_inner][\/vc_column][\/vc_row][vc_row][vc_column]<div class=\"clearboth\"><\/div><style>#thegem-divider-69d1ffbfd0d6e {margin-top: 80px !important;}<\/style><div id=\"thegem-divider-69d1ffbfd0d6e\" class=\"gem-divider  \" style=\"\" ><\/div>[\/vc_column][\/vc_row]<\/p>\n<\/div>","protected":false},"excerpt":{"rendered":"<p>[vc_row][vc_column][vc_single_image image=&#8221;32805&#8243; alignment=&#8221;center&#8221;][vc_column_text css_animation=&#8221;bottom-to-top&#8221;] INCOLUME [\/vc_column_text][vc_row_inner][vc_column_inner width=&#8221;1\/6&#8243;][\/vc_column_inner][vc_column_inner width=&#8221;2\/3&#8243;][vc_custom_heading text=&#8221;Que no ha sufrido da\u00f1o o menoscabo. Un vino singular que elaboramos&#8230;<\/p>\n","protected":false},"author":1,"featured_media":0,"parent":0,"menu_order":0,"comment_status":"closed","ping_status":"closed","template":"","meta":{"footnotes":""},"class_list":["post-36168","page","type-page","status-publish"],"yoast_head":"<!-- This site is optimized with the Yoast SEO plugin v22.4 - https:\/\/yoast.com\/wordpress\/plugins\/seo\/ -->\n<title>Incolume - BODEGA TANDEM<\/title>\n<meta name=\"robots\" content=\"index, follow, max-snippet:-1, max-image-preview:large, max-video-preview:-1\" \/>\n<link rel=\"canonical\" href=\"https:\/\/tandem.es\/en\/incolume\/\" \/>\n<meta property=\"og:locale\" content=\"en_US\" \/>\n<meta property=\"og:type\" content=\"article\" \/>\n<meta property=\"og:title\" content=\"Incolume - BODEGA TANDEM\" \/>\n<meta property=\"og:description\" content=\"[vc_row][vc_column][vc_single_image image=&#8221;32805&#8243; alignment=&#8221;center&#8221;][vc_column_text css_animation=&#8221;bottom-to-top&#8221;] INCOLUME [\/vc_column_text][vc_row_inner][vc_column_inner width=&#8221;1\/6&#8243;][\/vc_column_inner][vc_column_inner width=&#8221;2\/3&#8243;][vc_custom_heading text=&#8221;Que no ha sufrido da\u00f1o o menoscabo. Un vino singular que elaboramos...\" \/>\n<meta property=\"og:url\" content=\"https:\/\/tandem.es\/en\/incolume\/\" \/>\n<meta property=\"og:site_name\" content=\"BODEGA TANDEM\" \/>\n<meta property=\"article:modified_time\" content=\"2024-05-28T12:19:03+00:00\" \/>\n<meta name=\"twitter:card\" content=\"summary_large_image\" \/>\n<meta name=\"twitter:label1\" content=\"Est. reading time\" \/>\n\t<meta name=\"twitter:data1\" content=\"1 minute\" \/>\n<script type=\"application\/ld+json\" class=\"yoast-schema-graph\">{\"@context\":\"https:\/\/schema.org\",\"@graph\":[{\"@type\":\"WebPage\",\"@id\":\"https:\/\/tandem.es\/en\/incolume\/\",\"url\":\"https:\/\/tandem.es\/en\/incolume\/\",\"name\":\"Incolume - BODEGA TANDEM\",\"isPartOf\":{\"@id\":\"https:\/\/tandem.es\/en\/#website\"},\"datePublished\":\"2022-10-05T08:24:14+00:00\",\"dateModified\":\"2024-05-28T12:19:03+00:00\",\"breadcrumb\":{\"@id\":\"https:\/\/tandem.es\/en\/incolume\/#breadcrumb\"},\"inLanguage\":\"en-US\",\"potentialAction\":[{\"@type\":\"ReadAction\",\"target\":[\"https:\/\/tandem.es\/en\/incolume\/\"]}]},{\"@type\":\"BreadcrumbList\",\"@id\":\"https:\/\/tandem.es\/en\/incolume\/#breadcrumb\",\"itemListElement\":[{\"@type\":\"ListItem\",\"position\":1,\"name\":\"Portada\",\"item\":\"https:\/\/tandem.es\/en\/\"},{\"@type\":\"ListItem\",\"position\":2,\"name\":\"Incolume\"}]},{\"@type\":\"WebSite\",\"@id\":\"https:\/\/tandem.es\/en\/#website\",\"url\":\"https:\/\/tandem.es\/en\/\",\"name\":\"BODEGA TANDEM\",\"description\":\"Valle de Yerri, Navarra\",\"potentialAction\":[{\"@type\":\"SearchAction\",\"target\":{\"@type\":\"EntryPoint\",\"urlTemplate\":\"https:\/\/tandem.es\/en\/?s={search_term_string}\"},\"query-input\":\"required name=search_term_string\"}],\"inLanguage\":\"en-US\"}]}<\/script>\n<!-- \/ Yoast SEO plugin. -->","yoast_head_json":{"title":"Incolume - BODEGA TANDEM","robots":{"index":"index","follow":"follow","max-snippet":"max-snippet:-1","max-image-preview":"max-image-preview:large","max-video-preview":"max-video-preview:-1"},"canonical":"https:\/\/tandem.es\/en\/incolume\/","og_locale":"en_US","og_type":"article","og_title":"Incolume - BODEGA TANDEM","og_description":"[vc_row][vc_column][vc_single_image image=&#8221;32805&#8243; alignment=&#8221;center&#8221;][vc_column_text css_animation=&#8221;bottom-to-top&#8221;] INCOLUME [\/vc_column_text][vc_row_inner][vc_column_inner width=&#8221;1\/6&#8243;][\/vc_column_inner][vc_column_inner width=&#8221;2\/3&#8243;][vc_custom_heading text=&#8221;Que no ha sufrido da\u00f1o o menoscabo. Un vino singular que elaboramos...","og_url":"https:\/\/tandem.es\/en\/incolume\/","og_site_name":"BODEGA TANDEM","article_modified_time":"2024-05-28T12:19:03+00:00","twitter_card":"summary_large_image","twitter_misc":{"Est. reading time":"1 minute"},"schema":{"@context":"https:\/\/schema.org","@graph":[{"@type":"WebPage","@id":"https:\/\/tandem.es\/en\/incolume\/","url":"https:\/\/tandem.es\/en\/incolume\/","name":"Incolume - BODEGA TANDEM","isPartOf":{"@id":"https:\/\/tandem.es\/en\/#website"},"datePublished":"2022-10-05T08:24:14+00:00","dateModified":"2024-05-28T12:19:03+00:00","breadcrumb":{"@id":"https:\/\/tandem.es\/en\/incolume\/#breadcrumb"},"inLanguage":"en-US","potentialAction":[{"@type":"ReadAction","target":["https:\/\/tandem.es\/en\/incolume\/"]}]},{"@type":"BreadcrumbList","@id":"https:\/\/tandem.es\/en\/incolume\/#breadcrumb","itemListElement":[{"@type":"ListItem","position":1,"name":"Portada","item":"https:\/\/tandem.es\/en\/"},{"@type":"ListItem","position":2,"name":"Incolume"}]},{"@type":"WebSite","@id":"https:\/\/tandem.es\/en\/#website","url":"https:\/\/tandem.es\/en\/","name":"BODEGA TANDEM","description":"Valle de Yerri, Navarra","potentialAction":[{"@type":"SearchAction","target":{"@type":"EntryPoint","urlTemplate":"https:\/\/tandem.es\/en\/?s={search_term_string}"},"query-input":"required name=search_term_string"}],"inLanguage":"en-US"}]}},"_links":{"self":[{"href":"https:\/\/tandem.es\/en\/wp-json\/wp\/v2\/pages\/36168","targetHints":{"allow":["GET"]}}],"collection":[{"href":"https:\/\/tandem.es\/en\/wp-json\/wp\/v2\/pages"}],"about":[{"href":"https:\/\/tandem.es\/en\/wp-json\/wp\/v2\/types\/page"}],"author":[{"embeddable":true,"href":"https:\/\/tandem.es\/en\/wp-json\/wp\/v2\/users\/1"}],"replies":[{"embeddable":true,"href":"https:\/\/tandem.es\/en\/wp-json\/wp\/v2\/comments?post=36168"}],"version-history":[{"count":9,"href":"https:\/\/tandem.es\/en\/wp-json\/wp\/v2\/pages\/36168\/revisions"}],"predecessor-version":[{"id":36451,"href":"https:\/\/tandem.es\/en\/wp-json\/wp\/v2\/pages\/36168\/revisions\/36451"}],"wp:attachment":[{"href":"https:\/\/tandem.es\/en\/wp-json\/wp\/v2\/media?parent=36168"}],"curies":[{"name":"wp","href":"https:\/\/api.w.org\/{rel}","templated":true}]}}