{"id":36021,"date":"2022-10-04T16:07:21","date_gmt":"2022-10-04T16:07:21","guid":{"rendered":"https:\/\/tandem.es\/?page_id=36021"},"modified":"2024-05-22T10:28:01","modified_gmt":"2024-05-22T10:28:01","slug":"%e5%88%86%e9%85%8d","status":"publish","type":"page","link":"https:\/\/tandem.es\/zh-hans\/%e5%88%86%e9%85%8d\/","title":{"rendered":"\u5206\u914d"},"content":{"rendered":"<div class=\"wpb-content-wrapper\"><p>[vc_row full_width=&#8221;stretch_row&#8221; css=&#8221;.vc_custom_1577437181109{margin-bottom: 0px !important;padding-bottom: 0px !important;background-color: #dcdcdc !important;}&#8221;][vc_column]<div class=\"clearboth\"><\/div><style>#thegem-divider-69e8bd18d35da {margin-top: 90px !important;}<\/style><div id=\"thegem-divider-69e8bd18d35da\" class=\"gem-divider  \" style=\"\" ><\/div>[vc_single_image image=&#8221;35770&#8243;]<div class=\"clearboth\"><\/div><style>#thegem-divider-69e8bd18d36ac {margin-top: 30px !important;}<\/style><div id=\"thegem-divider-69e8bd18d36ac\" class=\"gem-divider  \" style=\"\" ><\/div>[vc_column_text css_animation=&#8221;bottom-to-top&#8221;]<\/p>\n<h2 style=\"text-align: left;\">\u627e\u5230\u6211\u4eec<\/h2>\n<p>[\/vc_column_text]<div class=\"clearboth\"><\/div><style>#thegem-divider-69e8bd18d36f8 {margin-top: 30px !important;}<\/style><div id=\"thegem-divider-69e8bd18d36f8\" class=\"gem-divider  \" style=\"\" ><\/div>[vc_row_inner][vc_column_inner width=&#8221;2\/3&#8243;][vc_column_text]\u4e32\u8054\u8461\u8404\u9152\u5728\u6b27\u6d32 20 \u591a\u4e2a\u56fd\u5bb6\u5747\u6709\u9500\u552e\uff0c<br \/>\n\u7f8e\u6d32\u3001\u4e9a\u6d32\u548c\u5927\u6d0b\u6d32[\/vc_column_text][vc_column_text]\u5982\u6709\u4efb\u4f55\u95ee\u9898\uff0c\u8bf7\u53d1\u90ae\u4ef6\u81f3 <a href=\"\u201cmailto:queries@tandem.es.5-175-45-53.panelninsoft.es\u201d\">queries@tandem.es<\/a>[\/vc_column_text][vc_column_text]<\/p>\n<h5>\u8054\u7cfb\u65b9\u5f0f<\/h5>\n<h6><span class=\"\u201clight\u201d\">Compa\u00f1\u00eda Vitivin\u00edcola Tandem<\/span><\/h6>\n<p>\u8def\u3002 \u6f58\u666e\u6d1b\u7eb3 \u2013 \u6d1b\u683c\u7f57\u5c3c\u5965\u516c\u91cc\u3002 35.9<br \/>\nES31292 \u62c9\u5361\u5c14\uff0c\u7eb3\u74e6\u62c9\uff0c\u897f\u73ed\u7259<br \/>\n\u7535\u8bdd +34 948 53 60 31<br \/>\n\u7535\u5b50\u90ae\u4ef6\uff1a<a href=\"mailto:bodega@tandem.es\">bodega@tandem.es<\/a><\/p>\n<\/div>","protected":false},"excerpt":{"rendered":"<p>[vc_row full_width=&#038;&#8230;<\/p>\n","protected":false},"author":1,"featured_media":35605,"parent":0,"menu_order":0,"comment_status":"closed","ping_status":"closed","template":"","meta":{"footnotes":""},"class_list":["post-36021","page","type-page","status-publish","has-post-thumbnail"],"yoast_head":"<!-- This site is optimized with the Yoast SEO plugin v22.4 - https:\/\/yoast.com\/wordpress\/plugins\/seo\/ -->\n<title>\u5206\u914d - BODEGA TANDEM<\/title>\n<meta name=\"robots\" content=\"index, follow, max-snippet:-1, max-image-preview:large, max-video-preview:-1\" \/>\n<link rel=\"canonical\" href=\"https:\/\/tandem.es\/zh-hans\/%e5%88%86%e9%85%8d\/\" \/>\n<meta property=\"og:locale\" content=\"zh_CN\" \/>\n<meta property=\"og:type\" content=\"article\" \/>\n<meta property=\"og:title\" content=\"\u5206\u914d - BODEGA TANDEM\" \/>\n<meta property=\"og:description\" content=\"[vc_row full_width=&amp;...\" \/>\n<meta property=\"og:url\" content=\"https:\/\/tandem.es\/zh-hans\/%e5%88%86%e9%85%8d\/\" \/>\n<meta property=\"og:site_name\" content=\"BODEGA TANDEM\" \/>\n<meta property=\"article:modified_time\" content=\"2024-05-22T10:28:01+00:00\" \/>\n<meta property=\"og:image\" content=\"https:\/\/tandem.es\/wp-content\/uploads\/2019\/10\/intervencion-1.jpg\" \/>\n\t<meta property=\"og:image:width\" content=\"3742\" \/>\n\t<meta property=\"og:image:height\" content=\"2248\" \/>\n\t<meta property=\"og:image:type\" content=\"image\/jpeg\" \/>\n<meta name=\"twitter:card\" content=\"summary_large_image\" \/>\n<meta name=\"twitter:label1\" content=\"\u9884\u8ba1\u9605\u8bfb\u65f6\u95f4\" \/>\n\t<meta name=\"twitter:data1\" content=\"1 \u5206\" \/>\n<script type=\"application\/ld+json\" class=\"yoast-schema-graph\">{\"@context\":\"https:\/\/schema.org\",\"@graph\":[{\"@type\":\"WebPage\",\"@id\":\"https:\/\/tandem.es\/zh-hans\/%e5%88%86%e9%85%8d\/\",\"url\":\"https:\/\/tandem.es\/zh-hans\/%e5%88%86%e9%85%8d\/\",\"name\":\"\u5206\u914d - BODEGA TANDEM\",\"isPartOf\":{\"@id\":\"https:\/\/tandem.es\/zh-hans\/#website\"},\"primaryImageOfPage\":{\"@id\":\"https:\/\/tandem.es\/zh-hans\/%e5%88%86%e9%85%8d\/#primaryimage\"},\"image\":{\"@id\":\"https:\/\/tandem.es\/zh-hans\/%e5%88%86%e9%85%8d\/#primaryimage\"},\"thumbnailUrl\":\"https:\/\/tandem.es\/wp-content\/uploads\/2019\/10\/intervencion-1.jpg\",\"datePublished\":\"2022-10-04T16:07:21+00:00\",\"dateModified\":\"2024-05-22T10:28:01+00:00\",\"breadcrumb\":{\"@id\":\"https:\/\/tandem.es\/zh-hans\/%e5%88%86%e9%85%8d\/#breadcrumb\"},\"inLanguage\":\"zh-Hans\",\"potentialAction\":[{\"@type\":\"ReadAction\",\"target\":[\"https:\/\/tandem.es\/zh-hans\/%e5%88%86%e9%85%8d\/\"]}]},{\"@type\":\"ImageObject\",\"inLanguage\":\"zh-Hans\",\"@id\":\"https:\/\/tandem.es\/zh-hans\/%e5%88%86%e9%85%8d\/#primaryimage\",\"url\":\"https:\/\/tandem.es\/wp-content\/uploads\/2019\/10\/intervencion-1.jpg\",\"contentUrl\":\"https:\/\/tandem.es\/wp-content\/uploads\/2019\/10\/intervencion-1.jpg\",\"width\":3742,\"height\":2248},{\"@type\":\"BreadcrumbList\",\"@id\":\"https:\/\/tandem.es\/zh-hans\/%e5%88%86%e9%85%8d\/#breadcrumb\",\"itemListElement\":[{\"@type\":\"ListItem\",\"position\":1,\"name\":\"Portada\",\"item\":\"https:\/\/tandem.es\/zh-hans\/\"},{\"@type\":\"ListItem\",\"position\":2,\"name\":\"\u5206\u914d\"}]},{\"@type\":\"WebSite\",\"@id\":\"https:\/\/tandem.es\/zh-hans\/#website\",\"url\":\"https:\/\/tandem.es\/zh-hans\/\",\"name\":\"BODEGA TANDEM\",\"description\":\"Valle de Yerri, Navarra\",\"potentialAction\":[{\"@type\":\"SearchAction\",\"target\":{\"@type\":\"EntryPoint\",\"urlTemplate\":\"https:\/\/tandem.es\/zh-hans\/?s={search_term_string}\"},\"query-input\":\"required name=search_term_string\"}],\"inLanguage\":\"zh-Hans\"}]}<\/script>\n<!-- \/ Yoast SEO plugin. -->","yoast_head_json":{"title":"\u5206\u914d - BODEGA TANDEM","robots":{"index":"index","follow":"follow","max-snippet":"max-snippet:-1","max-image-preview":"max-image-preview:large","max-video-preview":"max-video-preview:-1"},"canonical":"https:\/\/tandem.es\/zh-hans\/%e5%88%86%e9%85%8d\/","og_locale":"zh_CN","og_type":"article","og_title":"\u5206\u914d - BODEGA TANDEM","og_description":"[vc_row full_width=&...","og_url":"https:\/\/tandem.es\/zh-hans\/%e5%88%86%e9%85%8d\/","og_site_name":"BODEGA TANDEM","article_modified_time":"2024-05-22T10:28:01+00:00","og_image":[{"width":3742,"height":2248,"url":"https:\/\/tandem.es\/wp-content\/uploads\/2019\/10\/intervencion-1.jpg","type":"image\/jpeg"}],"twitter_card":"summary_large_image","twitter_misc":{"\u9884\u8ba1\u9605\u8bfb\u65f6\u95f4":"1 \u5206"},"schema":{"@context":"https:\/\/schema.org","@graph":[{"@type":"WebPage","@id":"https:\/\/tandem.es\/zh-hans\/%e5%88%86%e9%85%8d\/","url":"https:\/\/tandem.es\/zh-hans\/%e5%88%86%e9%85%8d\/","name":"\u5206\u914d - BODEGA TANDEM","isPartOf":{"@id":"https:\/\/tandem.es\/zh-hans\/#website"},"primaryImageOfPage":{"@id":"https:\/\/tandem.es\/zh-hans\/%e5%88%86%e9%85%8d\/#primaryimage"},"image":{"@id":"https:\/\/tandem.es\/zh-hans\/%e5%88%86%e9%85%8d\/#primaryimage"},"thumbnailUrl":"https:\/\/tandem.es\/wp-content\/uploads\/2019\/10\/intervencion-1.jpg","datePublished":"2022-10-04T16:07:21+00:00","dateModified":"2024-05-22T10:28:01+00:00","breadcrumb":{"@id":"https:\/\/tandem.es\/zh-hans\/%e5%88%86%e9%85%8d\/#breadcrumb"},"inLanguage":"zh-Hans","potentialAction":[{"@type":"ReadAction","target":["https:\/\/tandem.es\/zh-hans\/%e5%88%86%e9%85%8d\/"]}]},{"@type":"ImageObject","inLanguage":"zh-Hans","@id":"https:\/\/tandem.es\/zh-hans\/%e5%88%86%e9%85%8d\/#primaryimage","url":"https:\/\/tandem.es\/wp-content\/uploads\/2019\/10\/intervencion-1.jpg","contentUrl":"https:\/\/tandem.es\/wp-content\/uploads\/2019\/10\/intervencion-1.jpg","width":3742,"height":2248},{"@type":"BreadcrumbList","@id":"https:\/\/tandem.es\/zh-hans\/%e5%88%86%e9%85%8d\/#breadcrumb","itemListElement":[{"@type":"ListItem","position":1,"name":"Portada","item":"https:\/\/tandem.es\/zh-hans\/"},{"@type":"ListItem","position":2,"name":"\u5206\u914d"}]},{"@type":"WebSite","@id":"https:\/\/tandem.es\/zh-hans\/#website","url":"https:\/\/tandem.es\/zh-hans\/","name":"BODEGA TANDEM","description":"Valle de Yerri, Navarra","potentialAction":[{"@type":"SearchAction","target":{"@type":"EntryPoint","urlTemplate":"https:\/\/tandem.es\/zh-hans\/?s={search_term_string}"},"query-input":"required name=search_term_string"}],"inLanguage":"zh-Hans"}]}},"_links":{"self":[{"href":"https:\/\/tandem.es\/zh-hans\/wp-json\/wp\/v2\/pages\/36021","targetHints":{"allow":["GET"]}}],"collection":[{"href":"https:\/\/tandem.es\/zh-hans\/wp-json\/wp\/v2\/pages"}],"about":[{"href":"https:\/\/tandem.es\/zh-hans\/wp-json\/wp\/v2\/types\/page"}],"author":[{"embeddable":true,"href":"https:\/\/tandem.es\/zh-hans\/wp-json\/wp\/v2\/users\/1"}],"replies":[{"embeddable":true,"href":"https:\/\/tandem.es\/zh-hans\/wp-json\/wp\/v2\/comments?post=36021"}],"version-history":[{"count":6,"href":"https:\/\/tandem.es\/zh-hans\/wp-json\/wp\/v2\/pages\/36021\/revisions"}],"predecessor-version":[{"id":36425,"href":"https:\/\/tandem.es\/zh-hans\/wp-json\/wp\/v2\/pages\/36021\/revisions\/36425"}],"wp:featuredmedia":[{"embeddable":true,"href":"https:\/\/tandem.es\/zh-hans\/wp-json\/wp\/v2\/media\/35605"}],"wp:attachment":[{"href":"https:\/\/tandem.es\/zh-hans\/wp-json\/wp\/v2\/media?parent=36021"}],"curies":[{"name":"wp","href":"https:\/\/api.w.org\/{rel}","templated":true}]}}