{"id":36093,"date":"2022-10-05T08:58:09","date_gmt":"2022-10-05T08:58:09","guid":{"rendered":"https:\/\/tandem.es\/%e6%b1%a1%e7%82%b9\/"},"modified":"2022-10-07T12:19:30","modified_gmt":"2022-10-07T12:19:30","slug":"%e6%b1%a1-%e7%82%b9","status":"publish","type":"page","link":"https:\/\/tandem.es\/zh-hans\/%e6%b1%a1-%e7%82%b9\/","title":{"rendered":"\u6c61\u70b9-"},"content":{"rendered":"<div class=\"wpb-content-wrapper\"><p>[vc_row][vc_column]<div class=\"clearboth\"><\/div><style>#thegem-divider-69d1ff7903951 {margin-top: 180px !important;}<\/style><div id=\"thegem-divider-69d1ff7903951\" class=\"gem-divider  \" style=\"\" ><\/div>[vc_single_image image=&#8221;35770&#8243; alignment=&#8221;center&#8221;]<div class=\"clearboth\"><\/div><style>#thegem-divider-69d1ff79039d7 {margin-top: 30px !important;}<\/style><div id=\"thegem-divider-69d1ff79039d7\" class=\"gem-divider  \" style=\"\" ><\/div>[vc_column_text css_animation=&#8221;bottom-to-top&#8221;]<\/p>\n<h2 style=\"text-align: center;\"><span class=\"light\">INCOLUME<\/span><\/h2>\n<p>[\/vc_column_text]<div class=\"clearboth\"><\/div><style>#thegem-divider-69d1ff7903a11 {margin-top: 30px !important;}<\/style><div id=\"thegem-divider-69d1ff7903a11\" class=\"gem-divider  \" style=\"\" ><\/div>[vc_row_inner][vc_column_inner width=&#8221;1\/6&#8243;][\/vc_column_inner][vc_column_inner width=&#8221;2\/3&#8243;][vc_custom_heading text=&#8221;\u5b83\u6ca1\u6709\u906d\u53d7\u635f\u574f\u6216\u635f\u5bb3\u3002\u4e00\u79cd\u72ec\u7279\u7684\u8461\u8404\u9152\uff0c\u6211\u4eec\u7528\u6765\u81ea\u6211\u4eec\u5c71\u8c37\u5386\u53f2\u60a0\u4e45\u7684\u8461\u8404\u56ed\u7684\u8461\u8404\u5236\u6210\u7684\u5fae\u578b\u9152\u3002&#8221; font_container=&#8221;tag:p|font_size:18|text_align:center&#8221; google_fonts=&#8221;font_family:Montserrat%3Aregular%2C700|font_style:400%20regular%3A400%3Anormal&#8221;][\/vc_column_inner][vc_column_inner width=&#8221;1\/6&#8243;][\/vc_column_inner][\/vc_row_inner]<div class=\"clearboth\"><\/div><style>#thegem-divider-69d1ff7903a46 {margin-top: 40px !important;}<\/style><div id=\"thegem-divider-69d1ff7903a46\" class=\"gem-divider  \" style=\"\" ><\/div>[vc_row_inner][vc_column_inner width=&#8221;1\/2&#8243;]<div class=\"gem-image gem-wrapbox gem-wrapbox-style-default gem-wrapbox-position-below  thegem-custom-69d1ff7903a83567\"  style=\"\" ><div class=\"gem-wrapbox-inner \" ><img class=\"gem-wrapbox-element img-responsive\" src=\"https:\/\/tandem.es\/wp-content\/uploads\/2022\/10\/f45d7b17def3d3a9542fb504326d4c44-scaled-e1665142962254.jpg\" alt=\"\"\/><\/div><\/div>[\/vc_column_inner][vc_column_inner width=&#8221;1\/2&#8243;]<div class=\"clearboth\"><\/div><style>#thegem-divider-69d1ff7905dbd {margin-top: 90px !important;}<\/style><div id=\"thegem-divider-69d1ff7905dbd\" class=\"gem-divider  \" style=\"\" ><\/div>[vc_column_text]<\/p>\n<h5><span class=\"light\"><strong>Variedad de uva<\/strong><\/span><\/h5>\n<div>\n<p>GARNACHA<\/p>\n<h5><span class=\"light\"><strong>SUELO<\/strong><\/span><\/h5>\n<p>Franco arcilloso. Parcelas singulares de m\u00e1s de 80 a\u00f1os.<\/p>\n<h5><span class=\"light\"><strong>VINIFICACI\u00d3N<\/strong><\/span><\/h5>\n<p>La uva se vendimia a mano. Micro fermentaci\u00f3n con sus levaduras aut\u00f3ctonas. Inmersi\u00f3n del sombrero con bazuqueo manual, no usamos bombas de remontado. El vino se trasiega a barricas nuevas de roble franc\u00e9s de 300 litros donde completa la fermentaci\u00f3n malol\u00e1ctica y se mantiene durante 8 meses.<\/p>\n<h5><span class=\"light\"><strong>GRADOS<\/strong><\/span><\/h5>\n<p>14.0\u00ba<\/p>\n<h5><span class=\"light\"><strong>Temp. de servicio<\/strong><\/span><\/h5>\n<p>15 \u00baC<\/p>\n<h5><span class=\"light\"><strong>Notas de cata<\/strong><\/span><\/h5>\n<p>Color rojo rub\u00ed con ribete viol\u00e1ceo. En nariz destaca su fruta roja, grosella, romero, lavanda e hinojo. Vibrante en boca, fresco y mineral. En general un vino de monta\u00f1a, sabroso, elegante y \u00fanico que a nosotros particularmente nos conmueve.<\/p>\n<p>&nbsp;<\/p>\n<p>&nbsp;<\/p>\n<\/div>\n<p>[\/vc_column_text]<div class=\"clearboth\"><\/div><style>#thegem-divider-69d1ff7905df2 {margin-top: 40px !important;}<\/style><div id=\"thegem-divider-69d1ff7905df2\" class=\"gem-divider  \" style=\"\" ><\/div>[\/vc_column_inner][\/vc_row_inner][\/vc_column][\/vc_row][vc_row][vc_column]<div class=\"clearboth\"><\/div><style>#thegem-divider-69d1ff7905e1e {margin-top: 80px !important;}<\/style><div id=\"thegem-divider-69d1ff7905e1e\" class=\"gem-divider  \" style=\"\" ><\/div>[\/vc_column][\/vc_row]<\/p>\n<\/div>","protected":false},"excerpt":{"rendered":"<p>[vc_row][vc_column][&#8230;<\/p>\n","protected":false},"author":1,"featured_media":0,"parent":0,"menu_order":0,"comment_status":"closed","ping_status":"closed","template":"","meta":{"footnotes":""},"class_list":["post-36093","page","type-page","status-publish"],"yoast_head":"<!-- This site is optimized with the Yoast SEO plugin v22.4 - https:\/\/yoast.com\/wordpress\/plugins\/seo\/ -->\n<title>Incolume - BODEGA TANDEM<\/title>\n<meta name=\"robots\" content=\"index, follow, max-snippet:-1, max-image-preview:large, max-video-preview:-1\" \/>\n<link rel=\"canonical\" href=\"https:\/\/tandem.es\/zh-hans\/%e6%b1%a1-%e7%82%b9\/\" \/>\n<meta property=\"og:locale\" content=\"zh_CN\" \/>\n<meta property=\"og:type\" content=\"article\" \/>\n<meta property=\"og:title\" content=\"Incolume - BODEGA TANDEM\" \/>\n<meta property=\"og:description\" content=\"[vc_row][vc_column][...\" \/>\n<meta property=\"og:url\" content=\"https:\/\/tandem.es\/zh-hans\/%e6%b1%a1-%e7%82%b9\/\" \/>\n<meta property=\"og:site_name\" content=\"BODEGA TANDEM\" \/>\n<meta property=\"article:modified_time\" content=\"2022-10-07T12:19:30+00:00\" \/>\n<meta name=\"twitter:card\" content=\"summary_large_image\" \/>\n<meta name=\"twitter:label1\" content=\"\u9884\u8ba1\u9605\u8bfb\u65f6\u95f4\" \/>\n\t<meta name=\"twitter:data1\" content=\"1 \u5206\" \/>\n<script type=\"application\/ld+json\" class=\"yoast-schema-graph\">{\"@context\":\"https:\/\/schema.org\",\"@graph\":[{\"@type\":\"WebPage\",\"@id\":\"https:\/\/tandem.es\/zh-hans\/%e6%b1%a1-%e7%82%b9\/\",\"url\":\"https:\/\/tandem.es\/zh-hans\/%e6%b1%a1-%e7%82%b9\/\",\"name\":\"Incolume - BODEGA TANDEM\",\"isPartOf\":{\"@id\":\"https:\/\/tandem.es\/zh-hans\/#website\"},\"datePublished\":\"2022-10-05T08:58:09+00:00\",\"dateModified\":\"2022-10-07T12:19:30+00:00\",\"breadcrumb\":{\"@id\":\"https:\/\/tandem.es\/zh-hans\/%e6%b1%a1-%e7%82%b9\/#breadcrumb\"},\"inLanguage\":\"zh-Hans\",\"potentialAction\":[{\"@type\":\"ReadAction\",\"target\":[\"https:\/\/tandem.es\/zh-hans\/%e6%b1%a1-%e7%82%b9\/\"]}]},{\"@type\":\"BreadcrumbList\",\"@id\":\"https:\/\/tandem.es\/zh-hans\/%e6%b1%a1-%e7%82%b9\/#breadcrumb\",\"itemListElement\":[{\"@type\":\"ListItem\",\"position\":1,\"name\":\"Portada\",\"item\":\"https:\/\/tandem.es\/zh-hans\/\"},{\"@type\":\"ListItem\",\"position\":2,\"name\":\"\u6c61\u70b9-\"}]},{\"@type\":\"WebSite\",\"@id\":\"https:\/\/tandem.es\/zh-hans\/#website\",\"url\":\"https:\/\/tandem.es\/zh-hans\/\",\"name\":\"BODEGA TANDEM\",\"description\":\"Valle de Yerri, Navarra\",\"potentialAction\":[{\"@type\":\"SearchAction\",\"target\":{\"@type\":\"EntryPoint\",\"urlTemplate\":\"https:\/\/tandem.es\/zh-hans\/?s={search_term_string}\"},\"query-input\":\"required name=search_term_string\"}],\"inLanguage\":\"zh-Hans\"}]}<\/script>\n<!-- \/ Yoast SEO plugin. -->","yoast_head_json":{"title":"Incolume - BODEGA TANDEM","robots":{"index":"index","follow":"follow","max-snippet":"max-snippet:-1","max-image-preview":"max-image-preview:large","max-video-preview":"max-video-preview:-1"},"canonical":"https:\/\/tandem.es\/zh-hans\/%e6%b1%a1-%e7%82%b9\/","og_locale":"zh_CN","og_type":"article","og_title":"Incolume - BODEGA TANDEM","og_description":"[vc_row][vc_column][...","og_url":"https:\/\/tandem.es\/zh-hans\/%e6%b1%a1-%e7%82%b9\/","og_site_name":"BODEGA TANDEM","article_modified_time":"2022-10-07T12:19:30+00:00","twitter_card":"summary_large_image","twitter_misc":{"\u9884\u8ba1\u9605\u8bfb\u65f6\u95f4":"1 \u5206"},"schema":{"@context":"https:\/\/schema.org","@graph":[{"@type":"WebPage","@id":"https:\/\/tandem.es\/zh-hans\/%e6%b1%a1-%e7%82%b9\/","url":"https:\/\/tandem.es\/zh-hans\/%e6%b1%a1-%e7%82%b9\/","name":"Incolume - BODEGA TANDEM","isPartOf":{"@id":"https:\/\/tandem.es\/zh-hans\/#website"},"datePublished":"2022-10-05T08:58:09+00:00","dateModified":"2022-10-07T12:19:30+00:00","breadcrumb":{"@id":"https:\/\/tandem.es\/zh-hans\/%e6%b1%a1-%e7%82%b9\/#breadcrumb"},"inLanguage":"zh-Hans","potentialAction":[{"@type":"ReadAction","target":["https:\/\/tandem.es\/zh-hans\/%e6%b1%a1-%e7%82%b9\/"]}]},{"@type":"BreadcrumbList","@id":"https:\/\/tandem.es\/zh-hans\/%e6%b1%a1-%e7%82%b9\/#breadcrumb","itemListElement":[{"@type":"ListItem","position":1,"name":"Portada","item":"https:\/\/tandem.es\/zh-hans\/"},{"@type":"ListItem","position":2,"name":"\u6c61\u70b9-"}]},{"@type":"WebSite","@id":"https:\/\/tandem.es\/zh-hans\/#website","url":"https:\/\/tandem.es\/zh-hans\/","name":"BODEGA TANDEM","description":"Valle de Yerri, Navarra","potentialAction":[{"@type":"SearchAction","target":{"@type":"EntryPoint","urlTemplate":"https:\/\/tandem.es\/zh-hans\/?s={search_term_string}"},"query-input":"required name=search_term_string"}],"inLanguage":"zh-Hans"}]}},"_links":{"self":[{"href":"https:\/\/tandem.es\/zh-hans\/wp-json\/wp\/v2\/pages\/36093","targetHints":{"allow":["GET"]}}],"collection":[{"href":"https:\/\/tandem.es\/zh-hans\/wp-json\/wp\/v2\/pages"}],"about":[{"href":"https:\/\/tandem.es\/zh-hans\/wp-json\/wp\/v2\/types\/page"}],"author":[{"embeddable":true,"href":"https:\/\/tandem.es\/zh-hans\/wp-json\/wp\/v2\/users\/1"}],"replies":[{"embeddable":true,"href":"https:\/\/tandem.es\/zh-hans\/wp-json\/wp\/v2\/comments?post=36093"}],"version-history":[{"count":6,"href":"https:\/\/tandem.es\/zh-hans\/wp-json\/wp\/v2\/pages\/36093\/revisions"}],"predecessor-version":[{"id":36161,"href":"https:\/\/tandem.es\/zh-hans\/wp-json\/wp\/v2\/pages\/36093\/revisions\/36161"}],"wp:attachment":[{"href":"https:\/\/tandem.es\/zh-hans\/wp-json\/wp\/v2\/media?parent=36093"}],"curies":[{"name":"wp","href":"https:\/\/api.w.org\/{rel}","templated":true}]}}