{"id":36099,"date":"2022-10-05T10:45:51","date_gmt":"2022-10-05T10:45:51","guid":{"rendered":"https:\/\/tandem.es\/%e5%ae%8c%e7%be%8e%e6%97%a0%e7%91%95\/"},"modified":"2024-01-19T12:36:56","modified_gmt":"2024-01-19T12:36:56","slug":"%e5%ae%8c%e7%be%8e%e6%97%a0%e7%91%95","status":"publish","type":"page","link":"https:\/\/tandem.es\/zh-hans\/%e5%ae%8c%e7%be%8e%e6%97%a0%e7%91%95\/","title":{"rendered":"\u5b8c\u7f8e\u65e0\u7455"},"content":{"rendered":"<div class=\"wpb-content-wrapper\"><p>[vc_row][vc_column]<div class=\"clearboth\"><\/div><style>#thegem-divider-6a035b7c2e985 {margin-top: 180px !important;}<\/style><div id=\"thegem-divider-6a035b7c2e985\" class=\"gem-divider  \" style=\"\" ><\/div>[vc_single_image image=&#8221;35770&#8243; alignment=&#8221;center&#8221;]<div class=\"clearboth\"><\/div><style>#thegem-divider-6a035b7c2ea0c {margin-top: 30px !important;}<\/style><div id=\"thegem-divider-6a035b7c2ea0c\" class=\"gem-divider  \" style=\"\" ><\/div>[vc_column_text css_animation=&#8221;bottom-to-top&#8221;]<\/p>\n<h2 style=\"text-align: center;\"><span class=\"light\">I\u5b8c\u7f8e\u65e0\u7455<\/span><\/h2>\n<p>[\/vc_column_text]<div class=\"clearboth\"><\/div><style>#thegem-divider-6a035b7c2ea45 {margin-top: 30px !important;}<\/style><div id=\"thegem-divider-6a035b7c2ea45\" class=\"gem-divider  \" style=\"\" ><\/div>[vc_row_inner][vc_column_inner width=&#8221;1\/6&#8243;][\/vc_column_inner][vc_column_inner width=&#8221;2\/3&#8243;][vc_custom_heading text=&#8221;\u5728\u62c9\u4e01\u8bed\u4e2d\u7684\u610f\u601d\u662f\u6ca1\u6709\u6c61\u70b9\u3002 \u4e00\u79cd\u4e0d\u540c\u7684\u767d\u8461\u8404\u9152\u5728\u6cd5\u56fd\u6a61\u6728\u6876\u4e2d\u53d1\u9175\uff0c\u5e76\u5728\u5176\u7ec6\u9152\u7cdf\u4e2d\u4fdd\u5b58\u56db\u4e2a\u6708\uff0c\u4ee5\u83b7\u5f97\u5176\u8d28\u5730\u548c\u591a\u5c42\u6b21\u3002&#8221; font_container=&#8221;tag:p|font_size:18|text_align:center&#8221; google_fonts=&#8221;font_family:Montserrat%3Aregular%2C700|font_style:400%20regular%3A400%3Anormal&#8221;][\/vc_column_inner][vc_column_inner width=&#8221;1\/6&#8243;][\/vc_column_inner][\/vc_row_inner]<div class=\"clearboth\"><\/div><style>#thegem-divider-6a035b7c2ea73 {margin-top: 40px !important;}<\/style><div id=\"thegem-divider-6a035b7c2ea73\" class=\"gem-divider  \" style=\"\" ><\/div>[vc_row_inner][vc_column_inner width=&#8221;1\/2&#8243;][vc_single_image image=&#8221;35798&#8243; img_size=&#8221;full&#8221;][\/vc_column_inner][vc_column_inner width=&#8221;1\/2&#8243;]<div class=\"clearboth\"><\/div><style>#thegem-divider-6a035b7c2ea9f {margin-top: 90px !important;}<\/style><div id=\"thegem-divider-6a035b7c2ea9f\" class=\"gem-divider  \" style=\"\" ><\/div>[vc_column_text]<\/p>\n<h5><span class=\"\u201clight\u201d\"><strong>\u8461\u8404\u54c1\u79cd<\/strong><\/span><\/h5>\n<div>\n<p>VIURA\uff0c\u5176\u4ed6\u54c1\u79cd<\/p>\n<h5><span class=\"\u201clight\u201d\"><strong>\u571f\u58e4<\/strong><\/span><\/h5>\n<p>\u7c98\u571f<\/p>\n<h5><span class=\"\u201clight\u201d\"><strong>\u8461\u8404\u9152\u917f\u9020<\/strong><\/span><\/h5>\n<p>\u53bb\u6389\u830e\u540e\uff0c\u6574\u4e2a\u8461\u8404\u5728\u7f50\u5b50\u91cc\u6d78\u6ce1\u51e0\u4e2a\u5c0f\u65f6\u3002<br \/>\n\u6211\u4eec\u5c06\u7b2c\u4e00\u9053\u8461\u8404\u6c41\u6d41\u51fa\uff0c\u7136\u540e\u88c5\u6ee1 300 \u5347\u7684\u6cd5\u56fd\u6a61\u6728\u6876\uff0c\u5728 17-18\u00baC \u7684\u6e29\u5ea6\u4e0b\u53d1\u9175\u3002<br \/>\n\u53d1\u9175\u5b8c\u6210\u540e\uff0c\u6211\u4eec\u5f00\u59cb\u6bcf\u5929\u7684 b\u00e2tonnage\uff0c\u5728\u8fd9\u4e2a\u8fc7\u7a0b\u4e2d\uff0c\u6211\u4eec\u5c06\u8461\u8404\u9152\u4e0e\u9152\u7cdf\u6df7\u5408\u4ee5\u8fbe\u5230\u66f4\u5927\u7684\u53e3\u611f\u3002<\/p>\n<h5><span class=\"\u201clight\u201d\"><strong>\u5ea6\u6570<\/strong><\/span><\/h5>\n<p>13.0\u00ba<\/p>\n<h5><span class=\"\u201clight\u201d\"><strong>\u6e29\u5ea6\u3002\u670d\u52a1<\/strong><\/span><\/h5>\n<p>10\u2103<\/p>\n<h5><span class=\"\u201clight\u201d\"><strong>\u54c1\u9152\u7b14\u8bb0<\/strong><\/span><\/h5>\n<p>\u5b8c\u7f8e\u65e0\u7455\u6709\u6f02\u4eae\u7684\u91d1\u9ec4\u8272\u3002\u975e\u5e38\u7ec6\u817b\u7684\u9999\u6c14\uff0c\u5e26\u6709\u674f\u3001\u68a8\u3001\u767d\u82b1\u7684\u9999\u6c14\u548c\u4f18\u96c5\u7684\u77ff\u7269\u6c14\u606f\u3002<br \/>\n\u5165\u53e3\u987a\u6ed1\uff0c\u5bcc\u6709\u8868\u73b0\u529b\uff0c\u60a0\u957f\u800c\u6301\u4e45\u3002<\/p>\n<h5><span class=\"\u201clight\u201d\"><strong>\u6309\u4e0b<\/strong><\/span><\/h5>\n<p>2013 &#8211; \u00a090 \u5206 Wine&amp;Spirits \u6742\u5fd7\uff0c90 \u5206 Stephen Tanzer\uff0c90 \u5206 Robert Parker<br \/>\n2014 &#8211; \u00a090 \u5206 Stephen Tanzer\uff0c91 \u5206 Pe\u00f1\u00ed\u200b\u200bn Guide<br \/>\n2017 &#8211; \u00a090 \u5206\u7f57\u4f2f\u7279\u00b7\u5e15\u514b\u8461\u8404\u9152\u5021\u5bfc\u8005<br \/>\n2018 &#8211; \u00a090 points Gu\u00eda Pe\u00f1\u00edn<br \/>\n2020 &#8211; \u00a092 points Gu\u00eda Pe\u00f1\u00edn<\/p>\n<\/div>\n<p>[\/vc_column_text]<div class=\"clearboth\"><\/div><style>#thegem-divider-6a035b7c2eac4 {margin-top: 40px !important;}<\/style><div id=\"thegem-divider-6a035b7c2eac4\" class=\"gem-divider  \" style=\"\" ><\/div>[\/vc_column_inner][\/vc_row_inner][\/vc_column][\/vc_row][vc_row][vc_column]<div class=\"clearboth\"><\/div><style>#thegem-divider-6a035b7c2eae9 {margin-top: 80px !important;}<\/style><div id=\"thegem-divider-6a035b7c2eae9\" class=\"gem-divider  \" style=\"\" ><\/div>[\/vc_column][\/vc_row]<\/p>\n<\/div>","protected":false},"excerpt":{"rendered":"<p>[vc_row][vc_column][&#8230;<\/p>\n","protected":false},"author":1,"featured_media":0,"parent":0,"menu_order":0,"comment_status":"closed","ping_status":"closed","template":"","meta":{"footnotes":""},"class_list":["post-36099","page","type-page","status-publish"],"yoast_head":"<!-- This site is optimized with the Yoast SEO plugin v22.4 - https:\/\/yoast.com\/wordpress\/plugins\/seo\/ -->\n<title>\u5b8c\u7f8e\u65e0\u7455 - BODEGA TANDEM<\/title>\n<meta name=\"robots\" content=\"index, follow, max-snippet:-1, max-image-preview:large, max-video-preview:-1\" \/>\n<link rel=\"canonical\" href=\"https:\/\/tandem.es\/zh-hans\/%e5%ae%8c%e7%be%8e%e6%97%a0%e7%91%95\/\" \/>\n<meta property=\"og:locale\" content=\"zh_CN\" \/>\n<meta property=\"og:type\" content=\"article\" \/>\n<meta property=\"og:title\" content=\"\u5b8c\u7f8e\u65e0\u7455 - BODEGA TANDEM\" \/>\n<meta property=\"og:description\" content=\"[vc_row][vc_column][...\" \/>\n<meta property=\"og:url\" content=\"https:\/\/tandem.es\/zh-hans\/%e5%ae%8c%e7%be%8e%e6%97%a0%e7%91%95\/\" \/>\n<meta property=\"og:site_name\" content=\"BODEGA TANDEM\" \/>\n<meta property=\"article:modified_time\" content=\"2024-01-19T12:36:56+00:00\" \/>\n<meta name=\"twitter:card\" content=\"summary_large_image\" \/>\n<meta name=\"twitter:label1\" content=\"\u9884\u8ba1\u9605\u8bfb\u65f6\u95f4\" \/>\n\t<meta name=\"twitter:data1\" content=\"1 \u5206\" \/>\n<script type=\"application\/ld+json\" class=\"yoast-schema-graph\">{\"@context\":\"https:\/\/schema.org\",\"@graph\":[{\"@type\":\"WebPage\",\"@id\":\"https:\/\/tandem.es\/zh-hans\/%e5%ae%8c%e7%be%8e%e6%97%a0%e7%91%95\/\",\"url\":\"https:\/\/tandem.es\/zh-hans\/%e5%ae%8c%e7%be%8e%e6%97%a0%e7%91%95\/\",\"name\":\"\u5b8c\u7f8e\u65e0\u7455 - BODEGA TANDEM\",\"isPartOf\":{\"@id\":\"https:\/\/tandem.es\/zh-hans\/#website\"},\"datePublished\":\"2022-10-05T10:45:51+00:00\",\"dateModified\":\"2024-01-19T12:36:56+00:00\",\"breadcrumb\":{\"@id\":\"https:\/\/tandem.es\/zh-hans\/%e5%ae%8c%e7%be%8e%e6%97%a0%e7%91%95\/#breadcrumb\"},\"inLanguage\":\"zh-Hans\",\"potentialAction\":[{\"@type\":\"ReadAction\",\"target\":[\"https:\/\/tandem.es\/zh-hans\/%e5%ae%8c%e7%be%8e%e6%97%a0%e7%91%95\/\"]}]},{\"@type\":\"BreadcrumbList\",\"@id\":\"https:\/\/tandem.es\/zh-hans\/%e5%ae%8c%e7%be%8e%e6%97%a0%e7%91%95\/#breadcrumb\",\"itemListElement\":[{\"@type\":\"ListItem\",\"position\":1,\"name\":\"Portada\",\"item\":\"https:\/\/tandem.es\/zh-hans\/\"},{\"@type\":\"ListItem\",\"position\":2,\"name\":\"\u5b8c\u7f8e\u65e0\u7455\"}]},{\"@type\":\"WebSite\",\"@id\":\"https:\/\/tandem.es\/zh-hans\/#website\",\"url\":\"https:\/\/tandem.es\/zh-hans\/\",\"name\":\"BODEGA TANDEM\",\"description\":\"Valle de Yerri, Navarra\",\"potentialAction\":[{\"@type\":\"SearchAction\",\"target\":{\"@type\":\"EntryPoint\",\"urlTemplate\":\"https:\/\/tandem.es\/zh-hans\/?s={search_term_string}\"},\"query-input\":\"required name=search_term_string\"}],\"inLanguage\":\"zh-Hans\"}]}<\/script>\n<!-- \/ Yoast SEO plugin. -->","yoast_head_json":{"title":"\u5b8c\u7f8e\u65e0\u7455 - BODEGA TANDEM","robots":{"index":"index","follow":"follow","max-snippet":"max-snippet:-1","max-image-preview":"max-image-preview:large","max-video-preview":"max-video-preview:-1"},"canonical":"https:\/\/tandem.es\/zh-hans\/%e5%ae%8c%e7%be%8e%e6%97%a0%e7%91%95\/","og_locale":"zh_CN","og_type":"article","og_title":"\u5b8c\u7f8e\u65e0\u7455 - BODEGA TANDEM","og_description":"[vc_row][vc_column][...","og_url":"https:\/\/tandem.es\/zh-hans\/%e5%ae%8c%e7%be%8e%e6%97%a0%e7%91%95\/","og_site_name":"BODEGA TANDEM","article_modified_time":"2024-01-19T12:36:56+00:00","twitter_card":"summary_large_image","twitter_misc":{"\u9884\u8ba1\u9605\u8bfb\u65f6\u95f4":"1 \u5206"},"schema":{"@context":"https:\/\/schema.org","@graph":[{"@type":"WebPage","@id":"https:\/\/tandem.es\/zh-hans\/%e5%ae%8c%e7%be%8e%e6%97%a0%e7%91%95\/","url":"https:\/\/tandem.es\/zh-hans\/%e5%ae%8c%e7%be%8e%e6%97%a0%e7%91%95\/","name":"\u5b8c\u7f8e\u65e0\u7455 - BODEGA TANDEM","isPartOf":{"@id":"https:\/\/tandem.es\/zh-hans\/#website"},"datePublished":"2022-10-05T10:45:51+00:00","dateModified":"2024-01-19T12:36:56+00:00","breadcrumb":{"@id":"https:\/\/tandem.es\/zh-hans\/%e5%ae%8c%e7%be%8e%e6%97%a0%e7%91%95\/#breadcrumb"},"inLanguage":"zh-Hans","potentialAction":[{"@type":"ReadAction","target":["https:\/\/tandem.es\/zh-hans\/%e5%ae%8c%e7%be%8e%e6%97%a0%e7%91%95\/"]}]},{"@type":"BreadcrumbList","@id":"https:\/\/tandem.es\/zh-hans\/%e5%ae%8c%e7%be%8e%e6%97%a0%e7%91%95\/#breadcrumb","itemListElement":[{"@type":"ListItem","position":1,"name":"Portada","item":"https:\/\/tandem.es\/zh-hans\/"},{"@type":"ListItem","position":2,"name":"\u5b8c\u7f8e\u65e0\u7455"}]},{"@type":"WebSite","@id":"https:\/\/tandem.es\/zh-hans\/#website","url":"https:\/\/tandem.es\/zh-hans\/","name":"BODEGA TANDEM","description":"Valle de Yerri, Navarra","potentialAction":[{"@type":"SearchAction","target":{"@type":"EntryPoint","urlTemplate":"https:\/\/tandem.es\/zh-hans\/?s={search_term_string}"},"query-input":"required name=search_term_string"}],"inLanguage":"zh-Hans"}]}},"_links":{"self":[{"href":"https:\/\/tandem.es\/zh-hans\/wp-json\/wp\/v2\/pages\/36099","targetHints":{"allow":["GET"]}}],"collection":[{"href":"https:\/\/tandem.es\/zh-hans\/wp-json\/wp\/v2\/pages"}],"about":[{"href":"https:\/\/tandem.es\/zh-hans\/wp-json\/wp\/v2\/types\/page"}],"author":[{"embeddable":true,"href":"https:\/\/tandem.es\/zh-hans\/wp-json\/wp\/v2\/users\/1"}],"replies":[{"embeddable":true,"href":"https:\/\/tandem.es\/zh-hans\/wp-json\/wp\/v2\/comments?post=36099"}],"version-history":[{"count":9,"href":"https:\/\/tandem.es\/zh-hans\/wp-json\/wp\/v2\/pages\/36099\/revisions"}],"predecessor-version":[{"id":36385,"href":"https:\/\/tandem.es\/zh-hans\/wp-json\/wp\/v2\/pages\/36099\/revisions\/36385"}],"wp:attachment":[{"href":"https:\/\/tandem.es\/zh-hans\/wp-json\/wp\/v2\/media?parent=36099"}],"curies":[{"name":"wp","href":"https:\/\/api.w.org\/{rel}","templated":true}]}}