{"id":36125,"date":"2022-10-05T11:11:06","date_gmt":"2022-10-05T11:11:06","guid":{"rendered":"https:\/\/tandem.es\/?page_id=36125"},"modified":"2024-01-19T10:50:38","modified_gmt":"2024-01-19T10:50:38","slug":"%e6%b1%a1%e7%82%b9","status":"publish","type":"page","link":"https:\/\/tandem.es\/zh-hans\/%e6%b1%a1%e7%82%b9\/","title":{"rendered":"\u6c61\u70b9"},"content":{"rendered":"<div class=\"wpb-content-wrapper\"><p>[vc_row][vc_column]<div class=\"clearboth\"><\/div><style>#thegem-divider-69e8a9b627867 {margin-top: 180px !important;}<\/style><div id=\"thegem-divider-69e8a9b627867\" class=\"gem-divider  \" style=\"\" ><\/div>[vc_single_image image=&#8221;35770&#8243; alignment=&#8221;center&#8221;]<div class=\"clearboth\"><\/div><style>#thegem-divider-69e8a9b627920 {margin-top: 30px !important;}<\/style><div id=\"thegem-divider-69e8a9b627920\" class=\"gem-divider  \" style=\"\" ><\/div>[vc_column_text css_animation=&#8221;bottom-to-top&#8221;]<\/p>\n<h2 style=\"text-align: center;\"><span class=\"light\">I\u5b8c\u7f8e\u65e0\u7455<\/span><\/h2>\n<p>[\/vc_column_text]<div class=\"clearboth\"><\/div><style>#thegem-divider-69e8a9b62797f {margin-top: 30px !important;}<\/style><div id=\"thegem-divider-69e8a9b62797f\" class=\"gem-divider  \" style=\"\" ><\/div>[vc_row_inner][vc_column_inner width=&#8221;1\/6&#8243;][\/vc_column_inner][vc_column_inner width=&#8221;2\/3&#8243;][vc_custom_heading text=&#8221;\u5728\u62c9\u4e01\u8bed\u4e2d\uff0c\u6cd5\u8bed\u4e2d\u7684 t\u00e2che\uff0c\u6211\u4eec\u5c06\u5176\u89e3\u91ca\u4e3a\u8bb0\u5fc6\u6216\u4e0d\u53ef\u78e8\u706d\u7684\u611f\u89c9\u3002 \u9ec4\u6591\u662f\u89c6\u7f51\u819c\u7684\u4e2d\u592e\u5c0f\u90e8\u5206\uff0c\u53ef\u4ee5\u8ba9\u6211\u4eec\u770b\u6e05\u695a\u3002 M\u00e1cula \u662f\u4e00\u6b3e\u5f3a\u52b2\u3001\u6d53\u7f29\u3001\u9633\u521a\u3001\u60a0\u957f\u7684\u8461\u8404\u9152\u3002&#8221; font_container=&#8221;tag:p|font_size:18|text_align:center&#8221; google_fonts=&#8221;font_family:Montserrat%3Aregular%2C700|font_style:400%20regular%3A400%3Anormal&#8221;][\/vc_column_inner][vc_column_inner width=&#8221;1\/6&#8243;][\/vc_column_inner][\/vc_row_inner]<div class=\"clearboth\"><\/div><style>#thegem-divider-69e8a9b6279c6 {margin-top: 40px !important;}<\/style><div id=\"thegem-divider-69e8a9b6279c6\" class=\"gem-divider  \" style=\"\" ><\/div>[vc_row_inner][vc_column_inner width=&#8221;1\/2&#8243;]<div class=\"gem-image gem-wrapbox gem-wrapbox-style-default gem-wrapbox-position-below  thegem-custom-69e8a9b627a166716\"  style=\"\" ><div class=\"gem-wrapbox-inner \" ><img class=\"gem-wrapbox-element img-responsive\" src=\"https:\/\/tandem.es\/wp-content\/uploads\/2020\/02\/macula-scaled.jpg\" alt=\"\"\/><\/div><\/div>[\/vc_column_inner][vc_column_inner width=&#8221;1\/2&#8243;]<div class=\"clearboth\"><\/div><style>#thegem-divider-69e8a9b62814c {margin-top: 90px !important;}<\/style><div id=\"thegem-divider-69e8a9b62814c\" class=\"gem-divider  \" style=\"\" ><\/div>[vc_column_text]<\/p>\n<h5><span class=\"\u201clight\u201d\"><strong>\u8461\u8404\u54c1\u79cd<\/strong><\/span><\/h5>\n<div>\n<p>\u8d64\u971e\u73e0\u3001\u6885\u6d1b<\/p>\n<h5><span class=\"\u201clight\u201d\"><strong>\u571f\u58e4<\/strong><\/span><\/h5>\n<p>\u7c98\u571f<\/p>\n<h5><span class=\"\u201clight\u201d\"><strong>\u8461\u8404\u9152\u917f\u9020<\/strong><\/span><\/h5>\n<p>\u8461\u8404\u9760\u91cd\u529b\u8fdb\u5165\u5730\u7a96\u3002\u53d1\u9175\u5f00\u59cb\u524d\u5728 30-32\u00baC \u7684\u53d7\u63a7\u6e29\u5ea6\u4e0b\u8fdb\u884c\u51b7\u6d78\u6e0d\u3002\u6211\u4eec\u5728\u6ca1\u6709\u6cf5\u7684\u60c5\u51b5\u4e0b\u53d1\u9175\uff0c\u6211\u4eec\u8fdb\u884c\u9e3d\u5b50\u6216\u6d78\u5e3d\uff08\u9e3d\u5b50\uff09\uff0c\u76ee\u7684\u662f\u83b7\u5f97\u7cbe\u81f4\u4f18\u96c5\u7684\u5355\u5b81\u3002<br \/>\n\u8461\u8404\u9152\u5728\u91cd\u529b\u4f5c\u7528\u4e0b\u88ab\u5012\u5165\u5730\u4e0b\u6df7\u51dd\u571f\u7f50\u4e2d\uff0c\u5728\u90a3\u91cc\u5b8c\u6210\u82f9\u679c\u4e73\u9178\u53d1\u9175\u3002\u6210\u54c1\u8461\u8404\u9152\u5728\u6df7\u51dd\u571f\u4e2d\u50a8\u5b58\u81f3\u5c11 24 \u4e2a\u6708\uff0c\u503e\u6790\u5e76\u5b8c\u6210\u81ea\u7136\u6f84\u6e05\u548c\u7a33\u5b9a\u3002\u901a\u8fc7\u91cd\u529b\u88c5\u74f6\uff0c\u8fc7\u6ee4\u6700\u5c11\u3002<\/p>\n<h5><span class=\"\u201clight\u201d\"><strong>\u8001\u5316<\/strong><\/span><\/h5>\n<p>\u5728\u6df7\u51dd\u571f\u4e2d\u81f3\u5c11\u5b58\u653e 24 \u4e2a\u6708\uff0c\u5728 300 \u5347\u6cd5\u56fd\u6a61\u6728\u6876\u4e2d\u5b58\u653e\u81f3\u5c11 18 \u4e2a\u6708\u3002<\/p>\n<h5><span class=\"\u201clight\u201d\"><strong>\u5ea6\u6570<\/strong><\/span><\/h5>\n<p>15.0\u00ba<\/p>\n<h5><span class=\"\u201clight\u201d\"><strong>\u6e29\u5ea6\u3002\u670d\u52a1<\/strong><\/span><\/h5>\n<p>17\u2103<\/p>\n<h5><span class=\"\u201clight\u201d\"><strong>\u54c1\u9152\u7b14\u8bb0<\/strong><\/span><\/h5>\n<p>\u9152\u4f53\u5448\u6df1\u9152\u7ea2\u8272\uff0c\u5c42\u6b21\u611f\u597d\u3002\u975e\u5e38\u590d\u6742\u7684\u9999\u6c14\uff0c\u5e26\u6709\u5fae\u5999\u7684\u9999\u6599\u5473\uff1a\u4e01\u9999\u3001\u9ed1\u80e1\u6912\u3002\u77ff\u7269\uff0c\u5c71\u8109\u548c\u704c\u6728\u4e1b\u7684\u8bb0\u5fc6\uff0c\u9999\u8102\u548c\u9ed1\u5de7\u514b\u529b\u3002<br \/>\n\u53e3\u611f\u5f3a\u52b2\uff0c\u53e3\u611f\u5706\u6da6\uff0c\u8ba9\u4eba\u56de\u60f3\u8d77 Yerri Valley \u7279\u6709\u7684\u98ce\u571f\uff0c\u90a3\u91cc\u751f\u957f\u7740\u8461\u8404\u85e4\u3001\u91ce\u82b1\u548c\u7d2b\u7f57\u5170\u3002\u4f59\u97f5\u60a0\u957f\uff0c\u975e\u5e38\u4f18\u96c5\u6e05\u65b0\u3002<\/p>\n<h5><span class=\"\u201clight\u201d\"><strong>\u6309\u4e0b<\/strong><\/span><\/h5>\n<p>2004<b> &#8211; \u00a0<\/b>\u91d1\u724c\u4f8d\u9152\u5e08\u8461\u8404\u9152\u5956\uff0c91 \u5206 Mike Potashnik\uff0c91 \u5206 Richard Jennings\uff0c<br \/>\n91 \u5206 Guide Proensa\uff0c18\/20 John Radford Wine Wire\uff0cGuide Phaneuf 4 \u661f<br \/>\n2005 &#8211; \u00a02013 \u5e74\u5e03\u62c9\u683c\u8461\u8404\u9152\u676f\u91d1\u724c\uff0c2014 \u5e74\u51a0\u519b<br \/>\n2006 &#8211; \u00a091 \u5206 ROBERT PARKER \u8461\u8404\u9152\u5021\u5bfc\u8005\uff0cMundus Vini \u91d1\u724c\uff0c91 \u5206 STEPHEN TANZER<br \/>\n2010 &#8211; \u00a091 \u5206 Vinous Antonio Galloni<br \/>\n2013 &#8211; \u00a091 \u5206\u7f57\u4f2f\u7279\u00b7\u5e15\u514b\u8461\u8404\u9152\u5021\u5bfc\u8005<br \/>\n2014 &#8211; \u00a090 points ROBERT PARKER WINE ADVOCATE<br \/>\n2015 &#8211; \u00a090 points Gu\u00eda Pe\u00f1\u00edn<\/p>\n<\/div>\n<p>[\/vc_column_text]<div class=\"clearboth\"><\/div><style>#thegem-divider-69e8a9b628184 {margin-top: 40px !important;}<\/style><div id=\"thegem-divider-69e8a9b628184\" class=\"gem-divider  \" style=\"\" ><\/div>[\/vc_column_inner][\/vc_row_inner][\/vc_column][\/vc_row][vc_row][vc_column]<div class=\"clearboth\"><\/div><style>#thegem-divider-69e8a9b6281b1 {margin-top: 80px !important;}<\/style><div id=\"thegem-divider-69e8a9b6281b1\" class=\"gem-divider  \" style=\"\" ><\/div>[\/vc_column][\/vc_row]<\/p>\n<\/div>","protected":false},"excerpt":{"rendered":"<p>[vc_row][vc_column][&#8230;<\/p>\n","protected":false},"author":1,"featured_media":0,"parent":0,"menu_order":0,"comment_status":"closed","ping_status":"closed","template":"","meta":{"footnotes":""},"class_list":["post-36125","page","type-page","status-publish"],"yoast_head":"<!-- This site is optimized with the Yoast SEO plugin v22.4 - https:\/\/yoast.com\/wordpress\/plugins\/seo\/ -->\n<title>\u6c61\u70b9 - BODEGA TANDEM<\/title>\n<meta name=\"robots\" content=\"index, follow, max-snippet:-1, max-image-preview:large, max-video-preview:-1\" \/>\n<link rel=\"canonical\" href=\"https:\/\/tandem.es\/zh-hans\/%e6%b1%a1%e7%82%b9\/\" \/>\n<meta property=\"og:locale\" content=\"zh_CN\" \/>\n<meta property=\"og:type\" content=\"article\" \/>\n<meta property=\"og:title\" content=\"\u6c61\u70b9 - BODEGA TANDEM\" \/>\n<meta property=\"og:description\" content=\"[vc_row][vc_column][...\" \/>\n<meta property=\"og:url\" content=\"https:\/\/tandem.es\/zh-hans\/%e6%b1%a1%e7%82%b9\/\" \/>\n<meta property=\"og:site_name\" content=\"BODEGA TANDEM\" \/>\n<meta property=\"article:modified_time\" content=\"2024-01-19T10:50:38+00:00\" \/>\n<meta name=\"twitter:card\" content=\"summary_large_image\" \/>\n<meta name=\"twitter:label1\" content=\"\u9884\u8ba1\u9605\u8bfb\u65f6\u95f4\" \/>\n\t<meta name=\"twitter:data1\" content=\"1 \u5206\" \/>\n<script type=\"application\/ld+json\" class=\"yoast-schema-graph\">{\"@context\":\"https:\/\/schema.org\",\"@graph\":[{\"@type\":\"WebPage\",\"@id\":\"https:\/\/tandem.es\/zh-hans\/%e6%b1%a1%e7%82%b9\/\",\"url\":\"https:\/\/tandem.es\/zh-hans\/%e6%b1%a1%e7%82%b9\/\",\"name\":\"\u6c61\u70b9 - BODEGA TANDEM\",\"isPartOf\":{\"@id\":\"https:\/\/tandem.es\/zh-hans\/#website\"},\"datePublished\":\"2022-10-05T11:11:06+00:00\",\"dateModified\":\"2024-01-19T10:50:38+00:00\",\"breadcrumb\":{\"@id\":\"https:\/\/tandem.es\/zh-hans\/%e6%b1%a1%e7%82%b9\/#breadcrumb\"},\"inLanguage\":\"zh-Hans\",\"potentialAction\":[{\"@type\":\"ReadAction\",\"target\":[\"https:\/\/tandem.es\/zh-hans\/%e6%b1%a1%e7%82%b9\/\"]}]},{\"@type\":\"BreadcrumbList\",\"@id\":\"https:\/\/tandem.es\/zh-hans\/%e6%b1%a1%e7%82%b9\/#breadcrumb\",\"itemListElement\":[{\"@type\":\"ListItem\",\"position\":1,\"name\":\"Portada\",\"item\":\"https:\/\/tandem.es\/zh-hans\/\"},{\"@type\":\"ListItem\",\"position\":2,\"name\":\"\u6c61\u70b9\"}]},{\"@type\":\"WebSite\",\"@id\":\"https:\/\/tandem.es\/zh-hans\/#website\",\"url\":\"https:\/\/tandem.es\/zh-hans\/\",\"name\":\"BODEGA TANDEM\",\"description\":\"Valle de Yerri, Navarra\",\"potentialAction\":[{\"@type\":\"SearchAction\",\"target\":{\"@type\":\"EntryPoint\",\"urlTemplate\":\"https:\/\/tandem.es\/zh-hans\/?s={search_term_string}\"},\"query-input\":\"required name=search_term_string\"}],\"inLanguage\":\"zh-Hans\"}]}<\/script>\n<!-- \/ Yoast SEO plugin. -->","yoast_head_json":{"title":"\u6c61\u70b9 - BODEGA TANDEM","robots":{"index":"index","follow":"follow","max-snippet":"max-snippet:-1","max-image-preview":"max-image-preview:large","max-video-preview":"max-video-preview:-1"},"canonical":"https:\/\/tandem.es\/zh-hans\/%e6%b1%a1%e7%82%b9\/","og_locale":"zh_CN","og_type":"article","og_title":"\u6c61\u70b9 - BODEGA TANDEM","og_description":"[vc_row][vc_column][...","og_url":"https:\/\/tandem.es\/zh-hans\/%e6%b1%a1%e7%82%b9\/","og_site_name":"BODEGA TANDEM","article_modified_time":"2024-01-19T10:50:38+00:00","twitter_card":"summary_large_image","twitter_misc":{"\u9884\u8ba1\u9605\u8bfb\u65f6\u95f4":"1 \u5206"},"schema":{"@context":"https:\/\/schema.org","@graph":[{"@type":"WebPage","@id":"https:\/\/tandem.es\/zh-hans\/%e6%b1%a1%e7%82%b9\/","url":"https:\/\/tandem.es\/zh-hans\/%e6%b1%a1%e7%82%b9\/","name":"\u6c61\u70b9 - BODEGA TANDEM","isPartOf":{"@id":"https:\/\/tandem.es\/zh-hans\/#website"},"datePublished":"2022-10-05T11:11:06+00:00","dateModified":"2024-01-19T10:50:38+00:00","breadcrumb":{"@id":"https:\/\/tandem.es\/zh-hans\/%e6%b1%a1%e7%82%b9\/#breadcrumb"},"inLanguage":"zh-Hans","potentialAction":[{"@type":"ReadAction","target":["https:\/\/tandem.es\/zh-hans\/%e6%b1%a1%e7%82%b9\/"]}]},{"@type":"BreadcrumbList","@id":"https:\/\/tandem.es\/zh-hans\/%e6%b1%a1%e7%82%b9\/#breadcrumb","itemListElement":[{"@type":"ListItem","position":1,"name":"Portada","item":"https:\/\/tandem.es\/zh-hans\/"},{"@type":"ListItem","position":2,"name":"\u6c61\u70b9"}]},{"@type":"WebSite","@id":"https:\/\/tandem.es\/zh-hans\/#website","url":"https:\/\/tandem.es\/zh-hans\/","name":"BODEGA TANDEM","description":"Valle de Yerri, Navarra","potentialAction":[{"@type":"SearchAction","target":{"@type":"EntryPoint","urlTemplate":"https:\/\/tandem.es\/zh-hans\/?s={search_term_string}"},"query-input":"required name=search_term_string"}],"inLanguage":"zh-Hans"}]}},"_links":{"self":[{"href":"https:\/\/tandem.es\/zh-hans\/wp-json\/wp\/v2\/pages\/36125","targetHints":{"allow":["GET"]}}],"collection":[{"href":"https:\/\/tandem.es\/zh-hans\/wp-json\/wp\/v2\/pages"}],"about":[{"href":"https:\/\/tandem.es\/zh-hans\/wp-json\/wp\/v2\/types\/page"}],"author":[{"embeddable":true,"href":"https:\/\/tandem.es\/zh-hans\/wp-json\/wp\/v2\/users\/1"}],"replies":[{"embeddable":true,"href":"https:\/\/tandem.es\/zh-hans\/wp-json\/wp\/v2\/comments?post=36125"}],"version-history":[{"count":5,"href":"https:\/\/tandem.es\/zh-hans\/wp-json\/wp\/v2\/pages\/36125\/revisions"}],"predecessor-version":[{"id":36381,"href":"https:\/\/tandem.es\/zh-hans\/wp-json\/wp\/v2\/pages\/36125\/revisions\/36381"}],"wp:attachment":[{"href":"https:\/\/tandem.es\/zh-hans\/wp-json\/wp\/v2\/media?parent=36125"}],"curies":[{"name":"wp","href":"https:\/\/api.w.org\/{rel}","templated":true}]}}